{"id":286,"date":"2018-02-23T16:00:35","date_gmt":"2018-02-23T15:00:35","guid":{"rendered":"http:\/\/www.wp.minipferd.de\/?page_id=286"},"modified":"2024-09-05T11:16:44","modified_gmt":"2024-09-05T09:16:44","slug":"verwendung","status":"publish","type":"page","link":"https:\/\/www.minipferd.de\/?page_id=286","title":{"rendered":"Verwendung"},"content":{"rendered":"\n<p class=\"has-yellow-color has-text-color\"><strong>Was macht man mit einem Minipferd?<\/strong><\/p>\n\n\n\n<p class=\"has-yellow-color has-text-color\"><span class=\"has-inline-color has-yellow-color\">Wegen seines liebenswerten und menschenbezogenen Charakters und seiner geringen Gr\u00f6\u00dfe ist das Amerikanische Miniaturpferd das optimale Familienpferd. Besonders niedlich sind nat\u00fcrlich die Fohlen, die bei der Geburt nur etwa 50 cm gro\u00df sind.<\/span><\/p>\n\n\n\n<figure class=\"wp-block-gallery aligncenter has-nested-images columns-3 is-cropped wp-block-gallery-1 is-layout-flex wp-block-gallery-is-layout-flex\">\n<figure class=\"wp-block-image size-large\"><img loading=\"lazy\" decoding=\"async\" width=\"1024\" height=\"569\" data-id=\"768\" src=\"https:\/\/www.minipferd.de\/wp-content\/uploads\/2020\/05\/IMG_3770-1024x569.jpg\" alt=\"\" class=\"wp-image-768\" srcset=\"https:\/\/www.minipferd.de\/wp-content\/uploads\/2020\/05\/IMG_3770-1024x569.jpg 1024w, https:\/\/www.minipferd.de\/wp-content\/uploads\/2020\/05\/IMG_3770-350x195.jpg 350w, https:\/\/www.minipferd.de\/wp-content\/uploads\/2020\/05\/IMG_3770-300x167.jpg 300w, https:\/\/www.minipferd.de\/wp-content\/uploads\/2020\/05\/IMG_3770-768x427.jpg 768w, https:\/\/www.minipferd.de\/wp-content\/uploads\/2020\/05\/IMG_3770-1536x854.jpg 1536w, https:\/\/www.minipferd.de\/wp-content\/uploads\/2020\/05\/IMG_3770.jpg 2000w\" sizes=\"(max-width: 1024px) 100vw, 1024px\" \/><\/figure>\n\n\n\n<figure class=\"wp-block-image size-large\"><img loading=\"lazy\" decoding=\"async\" width=\"794\" height=\"1024\" data-id=\"761\" src=\"https:\/\/www.minipferd.de\/wp-content\/uploads\/2020\/05\/7f472645-f416-47aa-80f6-8a53d8293301-e1589797156503-794x1024.jpg\" alt=\"\" class=\"wp-image-761\"\/><\/figure>\n\n\n\n<figure class=\"wp-block-image size-large\"><img loading=\"lazy\" decoding=\"async\" width=\"1024\" height=\"682\" data-id=\"762\" src=\"https:\/\/www.minipferd.de\/wp-content\/uploads\/2020\/05\/6393ba12-4032-425d-aef6-6bf4995bc976-1024x682.jpg\" alt=\"\" class=\"wp-image-762\"\/><\/figure>\n<\/figure>\n\n\n\n<p class=\"has-yellow-color has-text-color\">Viele Pferdeliebhaber, die auch Gro\u00dfpferde besitzen, wollen, dass ihre Kinder auch die Liebe zu diesen wunderbaren Tieren entdecken k\u00f6nnen und dass sie lernen, Pferde zu pflegen und zu reiten \u2013 und kaufen ihnen deshalb ein Miniaturpferd, lange, bevor die Kleinen in der Lage w\u00e4ren, selbst mit dem bravsten und geduldigsten Gro\u00dfpferd umgehen zu k\u00f6nnen.<\/p>\n\n\n\n<p class=\"has-yellow-color has-text-color\">Nicht wenige Miniaturpferde sind zudem sehr talentierte Fahrpferde und k\u00f6nnen mit Leichtigkeit einen Gig oder leichten Zweiachser mit bis zu zwei Personen ziehen. Dabei k\u00f6nnen sie besonders gut ihren Arbeitseifer beweisen und ihr teils bemerkenswertes Gangwerk zeigen, auf das viele Z\u00fcchter besonders achten.<\/p>\n\n\n\n<p class=\"has-yellow-color has-text-color\">Unsere Minipferde lieben es auch immer neue Zirkustricks zu lernen und beherrschen ganz viele Tricks wie z.B. &#8222;Sitzen&#8220;, &#8222;Liegen&#8220;, &#8222;Ja und Nein sagen&#8220;, &#8222;Steigen&#8220;, &#8222;Kapriole&#8220;, &#8222;K\u00fcsschen&#8220;, &#8222;spanischer Schritt&#8220; und vieles mehr! Sie sind unglaublich intelligent und auch super f\u00fcr die Freiarbeit geeignet!<\/p>\n\n\n<div class=\"wp-block-image\">\n<figure class=\"aligncenter size-large is-resized\"><img loading=\"lazy\" decoding=\"async\" width=\"1024\" height=\"798\" src=\"http:\/\/www.minipferd.de\/wp-content\/uploads\/2020\/05\/IMG_3480-1024x798.jpg\" alt=\"\" class=\"wp-image-848\" style=\"width:512px;height:399px\" srcset=\"https:\/\/www.minipferd.de\/wp-content\/uploads\/2020\/05\/IMG_3480-1024x798.jpg 1024w, https:\/\/www.minipferd.de\/wp-content\/uploads\/2020\/05\/IMG_3480-350x273.jpg 350w, https:\/\/www.minipferd.de\/wp-content\/uploads\/2020\/05\/IMG_3480-300x234.jpg 300w, https:\/\/www.minipferd.de\/wp-content\/uploads\/2020\/05\/IMG_3480-768x599.jpg 768w, https:\/\/www.minipferd.de\/wp-content\/uploads\/2020\/05\/IMG_3480.jpg 1125w\" sizes=\"(max-width: 1024px) 100vw, 1024px\" \/><figcaption class=\"wp-element-caption\"><span class=\"has-inline-color has-yellow-color\"><em>&#8230; eventuell ja sogar f\u00fcr das Wohnzimmer geeignet \ud83d\ude42<\/em><\/span><\/figcaption><\/figure><\/div>\n\n\n<p class=\"has-yellow-color has-text-color\">F\u00fcr \u00e4ltere Menschen ist das Miniaturpferd ein wunderbarer Ersatz f\u00fcr ein Gro\u00dfpferd, dem sie sich m\u00f6glicherweise physisch nicht mehr gewachsen f\u00fchlen. Auch als Therapiepferde konnten Minipferde erstaunliche Erfolge erzielen, was auf ihre ausgesprochene Menschenbezogenheit zur\u00fcckzuf\u00fchren ist.<\/p>\n\n\n\n<p class=\"has-yellow-color has-text-color\">In Regionen, wo das Miniaturpferd als Rasse schon etwas etablierter ist, werden auch gro\u00dfe Turniere angeboten, bei denen sich die Pferde nicht nur anhand der Kriterien des\u00a0<a href=\"http:\/\/miniaturpferd.de\/rassestandard.htm\"><mark style=\"background-color:rgba(0, 0, 0, 0)\" class=\"has-inline-color has-yellow-color\"><strong><em>Rassestandards<\/em><\/strong><\/mark><\/a>\u00a0aneinander messen, sondern auch in unterschiedlichen Spring- und Fahrpr\u00fcfungen.<\/p>\n\n\n\n<p class=\"has-yellow-color has-text-color\">Im Folgenden finden Sie einige Bilder aus dem Leben mit einem Miniaturpferd, die Ihnen zeigen sollen, was man alles mit einem Minipferd machen kann. Der verst\u00e4ndige Leser wird unschwer erkennen k\u00f6nnen, dass nicht alle der unten aufgef\u00fchrten &#8222;Verwendungsm\u00f6glichkeiten&#8220; ernst gemeint sind, sondern teils mit einem zwinkernden Auge zu verstehen sind. Es handelt sich um Schnappsch\u00fcsse, die wir gesammelt haben und die &#8211; wie wir finden &#8211; einen recht guten Eindruck davon vermitteln, dass das Miniaturpferd &#8211; trotz oder gerade wegen seiner geringen Gr\u00f6\u00dfe &#8211; ein richtiger &#8222;Partner Pferd&#8220; sein kann:<\/p>\n\n\n\n<div class=\"wp-block-group\"><div class=\"wp-block-group__inner-container is-layout-flow wp-block-group-is-layout-flow\">\n<figure class=\"wp-block-gallery has-nested-images columns-default is-cropped wp-block-gallery-2 is-layout-flex wp-block-gallery-is-layout-flex\">\n<figure class=\"wp-block-image size-large\"><img loading=\"lazy\" decoding=\"async\" width=\"300\" height=\"281\" src=\"https:\/\/www.minipferd.de\/wp-content\/uploads\/2020\/05\/Verw40.jpg\" alt=\"\" class=\"wp-image-755\"\/><\/figure>\n\n\n\n<figure class=\"wp-block-image size-large\"><img loading=\"lazy\" decoding=\"async\" width=\"400\" height=\"350\" src=\"https:\/\/www.minipferd.de\/wp-content\/uploads\/2020\/05\/Verw39.jpg\" alt=\"\" class=\"wp-image-754\" srcset=\"https:\/\/www.minipferd.de\/wp-content\/uploads\/2020\/05\/Verw39.jpg 400w, https:\/\/www.minipferd.de\/wp-content\/uploads\/2020\/05\/Verw39-350x306.jpg 350w, https:\/\/www.minipferd.de\/wp-content\/uploads\/2020\/05\/Verw39-300x263.jpg 300w\" sizes=\"(max-width: 400px) 100vw, 400px\" \/><\/figure>\n\n\n\n<figure class=\"wp-block-image size-large\"><img loading=\"lazy\" decoding=\"async\" width=\"368\" height=\"340\" src=\"https:\/\/www.minipferd.de\/wp-content\/uploads\/2020\/05\/Verw38.jpg\" alt=\"\" class=\"wp-image-753\" srcset=\"https:\/\/www.minipferd.de\/wp-content\/uploads\/2020\/05\/Verw38.jpg 368w, https:\/\/www.minipferd.de\/wp-content\/uploads\/2020\/05\/Verw38-350x323.jpg 350w, https:\/\/www.minipferd.de\/wp-content\/uploads\/2020\/05\/Verw38-300x277.jpg 300w\" sizes=\"(max-width: 368px) 100vw, 368px\" \/><\/figure>\n\n\n\n<figure class=\"wp-block-image size-large\"><img loading=\"lazy\" decoding=\"async\" width=\"270\" height=\"216\" src=\"https:\/\/www.minipferd.de\/wp-content\/uploads\/2020\/05\/Verw37.jpg\" alt=\"\" class=\"wp-image-752\"\/><\/figure>\n\n\n\n<figure class=\"wp-block-image size-large\"><img loading=\"lazy\" decoding=\"async\" width=\"300\" height=\"264\" src=\"https:\/\/www.minipferd.de\/wp-content\/uploads\/2020\/05\/Verw36.jpg\" alt=\"\" class=\"wp-image-751\"\/><\/figure>\n\n\n\n<figure class=\"wp-block-image size-large\"><img loading=\"lazy\" decoding=\"async\" width=\"380\" height=\"259\" src=\"https:\/\/www.minipferd.de\/wp-content\/uploads\/2020\/05\/Verw34.jpg\" alt=\"\" class=\"wp-image-749\" srcset=\"https:\/\/www.minipferd.de\/wp-content\/uploads\/2020\/05\/Verw34.jpg 380w, https:\/\/www.minipferd.de\/wp-content\/uploads\/2020\/05\/Verw34-350x239.jpg 350w, https:\/\/www.minipferd.de\/wp-content\/uploads\/2020\/05\/Verw34-300x204.jpg 300w\" sizes=\"(max-width: 380px) 100vw, 380px\" \/><\/figure>\n\n\n\n<figure class=\"wp-block-image size-large\"><img loading=\"lazy\" decoding=\"async\" width=\"225\" height=\"300\" src=\"https:\/\/www.minipferd.de\/wp-content\/uploads\/2020\/05\/Verw30.jpg\" alt=\"\" class=\"wp-image-748\"\/><\/figure>\n\n\n\n<figure class=\"wp-block-image size-large\"><img loading=\"lazy\" decoding=\"async\" width=\"380\" height=\"285\" src=\"https:\/\/www.minipferd.de\/wp-content\/uploads\/2020\/05\/Verw35.jpg\" alt=\"\" class=\"wp-image-750\" srcset=\"https:\/\/www.minipferd.de\/wp-content\/uploads\/2020\/05\/Verw35.jpg 380w, https:\/\/www.minipferd.de\/wp-content\/uploads\/2020\/05\/Verw35-350x263.jpg 350w, https:\/\/www.minipferd.de\/wp-content\/uploads\/2020\/05\/Verw35-300x225.jpg 300w\" sizes=\"(max-width: 380px) 100vw, 380px\" \/><\/figure>\n\n\n\n<figure class=\"wp-block-image size-large\"><img loading=\"lazy\" decoding=\"async\" width=\"380\" height=\"296\" src=\"https:\/\/www.minipferd.de\/wp-content\/uploads\/2020\/05\/Verw28.jpg\" alt=\"\" class=\"wp-image-746\" srcset=\"https:\/\/www.minipferd.de\/wp-content\/uploads\/2020\/05\/Verw28.jpg 380w, https:\/\/www.minipferd.de\/wp-content\/uploads\/2020\/05\/Verw28-350x273.jpg 350w, https:\/\/www.minipferd.de\/wp-content\/uploads\/2020\/05\/Verw28-300x234.jpg 300w\" sizes=\"(max-width: 380px) 100vw, 380px\" \/><\/figure>\n\n\n\n<figure class=\"wp-block-image size-large\"><img loading=\"lazy\" decoding=\"async\" width=\"350\" height=\"376\" src=\"https:\/\/www.minipferd.de\/wp-content\/uploads\/2020\/05\/Verw29.jpg\" alt=\"\" class=\"wp-image-747\" srcset=\"https:\/\/www.minipferd.de\/wp-content\/uploads\/2020\/05\/Verw29.jpg 350w, https:\/\/www.minipferd.de\/wp-content\/uploads\/2020\/05\/Verw29-279x300.jpg 279w\" sizes=\"(max-width: 350px) 100vw, 350px\" \/><\/figure>\n\n\n\n<figure class=\"wp-block-image size-large\"><img loading=\"lazy\" decoding=\"async\" width=\"249\" height=\"380\" src=\"https:\/\/www.minipferd.de\/wp-content\/uploads\/2020\/05\/Verw27.jpg\" alt=\"\" class=\"wp-image-745\" srcset=\"https:\/\/www.minipferd.de\/wp-content\/uploads\/2020\/05\/Verw27.jpg 249w, https:\/\/www.minipferd.de\/wp-content\/uploads\/2020\/05\/Verw27-197x300.jpg 197w\" sizes=\"(max-width: 249px) 100vw, 249px\" \/><\/figure>\n\n\n\n<figure class=\"wp-block-image size-large\"><img loading=\"lazy\" decoding=\"async\" width=\"210\" height=\"147\" src=\"https:\/\/www.minipferd.de\/wp-content\/uploads\/2020\/05\/Verw26.jpg\" alt=\"\" class=\"wp-image-744\"\/><\/figure>\n\n\n\n<figure class=\"wp-block-image size-large\"><img loading=\"lazy\" decoding=\"async\" width=\"170\" height=\"143\" src=\"https:\/\/www.minipferd.de\/wp-content\/uploads\/2020\/05\/Verw24.jpg\" alt=\"\" class=\"wp-image-743\"\/><\/figure>\n\n\n\n<figure class=\"wp-block-image size-large\"><img loading=\"lazy\" decoding=\"async\" width=\"380\" height=\"285\" src=\"https:\/\/www.minipferd.de\/wp-content\/uploads\/2020\/05\/Verw23.jpg\" alt=\"\" class=\"wp-image-742\" srcset=\"https:\/\/www.minipferd.de\/wp-content\/uploads\/2020\/05\/Verw23.jpg 380w, https:\/\/www.minipferd.de\/wp-content\/uploads\/2020\/05\/Verw23-350x263.jpg 350w, https:\/\/www.minipferd.de\/wp-content\/uploads\/2020\/05\/Verw23-300x225.jpg 300w\" sizes=\"(max-width: 380px) 100vw, 380px\" \/><\/figure>\n\n\n\n<figure class=\"wp-block-image size-large\"><img loading=\"lazy\" decoding=\"async\" width=\"380\" height=\"260\" src=\"https:\/\/www.minipferd.de\/wp-content\/uploads\/2020\/05\/Verw22.jpg\" alt=\"\" class=\"wp-image-741\" srcset=\"https:\/\/www.minipferd.de\/wp-content\/uploads\/2020\/05\/Verw22.jpg 380w, https:\/\/www.minipferd.de\/wp-content\/uploads\/2020\/05\/Verw22-350x239.jpg 350w, https:\/\/www.minipferd.de\/wp-content\/uploads\/2020\/05\/Verw22-300x205.jpg 300w\" sizes=\"(max-width: 380px) 100vw, 380px\" \/><\/figure>\n\n\n\n<figure class=\"wp-block-image size-large\"><img loading=\"lazy\" decoding=\"async\" width=\"293\" height=\"337\" src=\"https:\/\/www.minipferd.de\/wp-content\/uploads\/2020\/05\/Verw21.jpg\" alt=\"\" class=\"wp-image-740\" srcset=\"https:\/\/www.minipferd.de\/wp-content\/uploads\/2020\/05\/Verw21.jpg 293w, https:\/\/www.minipferd.de\/wp-content\/uploads\/2020\/05\/Verw21-261x300.jpg 261w\" sizes=\"(max-width: 293px) 100vw, 293px\" \/><\/figure>\n\n\n\n<figure class=\"wp-block-image size-large\"><img loading=\"lazy\" decoding=\"async\" width=\"380\" height=\"234\" src=\"https:\/\/www.minipferd.de\/wp-content\/uploads\/2020\/05\/Verw20.jpg\" alt=\"\" class=\"wp-image-739\" srcset=\"https:\/\/www.minipferd.de\/wp-content\/uploads\/2020\/05\/Verw20.jpg 380w, https:\/\/www.minipferd.de\/wp-content\/uploads\/2020\/05\/Verw20-350x216.jpg 350w, https:\/\/www.minipferd.de\/wp-content\/uploads\/2020\/05\/Verw20-300x185.jpg 300w\" sizes=\"(max-width: 380px) 100vw, 380px\" \/><\/figure>\n\n\n\n<figure class=\"wp-block-image size-large\"><img loading=\"lazy\" decoding=\"async\" width=\"380\" height=\"309\" src=\"https:\/\/www.minipferd.de\/wp-content\/uploads\/2020\/05\/Verw17.jpg\" alt=\"\" class=\"wp-image-736\" srcset=\"https:\/\/www.minipferd.de\/wp-content\/uploads\/2020\/05\/Verw17.jpg 380w, https:\/\/www.minipferd.de\/wp-content\/uploads\/2020\/05\/Verw17-350x285.jpg 350w, https:\/\/www.minipferd.de\/wp-content\/uploads\/2020\/05\/Verw17-300x244.jpg 300w\" sizes=\"(max-width: 380px) 100vw, 380px\" \/><\/figure>\n\n\n\n<figure class=\"wp-block-image size-large\"><img loading=\"lazy\" decoding=\"async\" width=\"380\" height=\"285\" src=\"https:\/\/www.minipferd.de\/wp-content\/uploads\/2020\/05\/Verw19.jpg\" alt=\"\" class=\"wp-image-738\" srcset=\"https:\/\/www.minipferd.de\/wp-content\/uploads\/2020\/05\/Verw19.jpg 380w, https:\/\/www.minipferd.de\/wp-content\/uploads\/2020\/05\/Verw19-350x263.jpg 350w, https:\/\/www.minipferd.de\/wp-content\/uploads\/2020\/05\/Verw19-300x225.jpg 300w\" sizes=\"(max-width: 380px) 100vw, 380px\" \/><\/figure>\n\n\n\n<figure class=\"wp-block-image size-large\"><img loading=\"lazy\" decoding=\"async\" width=\"380\" height=\"276\" src=\"https:\/\/www.minipferd.de\/wp-content\/uploads\/2020\/05\/Verw18.jpg\" alt=\"\" class=\"wp-image-737\" srcset=\"https:\/\/www.minipferd.de\/wp-content\/uploads\/2020\/05\/Verw18.jpg 380w, https:\/\/www.minipferd.de\/wp-content\/uploads\/2020\/05\/Verw18-350x254.jpg 350w, https:\/\/www.minipferd.de\/wp-content\/uploads\/2020\/05\/Verw18-300x218.jpg 300w\" sizes=\"(max-width: 380px) 100vw, 380px\" \/><\/figure>\n\n\n\n<figure class=\"wp-block-image size-large\"><img loading=\"lazy\" decoding=\"async\" width=\"380\" height=\"252\" src=\"https:\/\/www.minipferd.de\/wp-content\/uploads\/2020\/05\/Verw16.jpg\" alt=\"\" class=\"wp-image-735\" srcset=\"https:\/\/www.minipferd.de\/wp-content\/uploads\/2020\/05\/Verw16.jpg 380w, https:\/\/www.minipferd.de\/wp-content\/uploads\/2020\/05\/Verw16-350x232.jpg 350w, https:\/\/www.minipferd.de\/wp-content\/uploads\/2020\/05\/Verw16-300x199.jpg 300w\" sizes=\"(max-width: 380px) 100vw, 380px\" \/><\/figure>\n\n\n\n<figure class=\"wp-block-image size-large\"><img loading=\"lazy\" decoding=\"async\" width=\"380\" height=\"285\" src=\"https:\/\/www.minipferd.de\/wp-content\/uploads\/2020\/05\/Verw15.jpg\" alt=\"\" class=\"wp-image-734\" srcset=\"https:\/\/www.minipferd.de\/wp-content\/uploads\/2020\/05\/Verw15.jpg 380w, https:\/\/www.minipferd.de\/wp-content\/uploads\/2020\/05\/Verw15-350x263.jpg 350w, https:\/\/www.minipferd.de\/wp-content\/uploads\/2020\/05\/Verw15-300x225.jpg 300w\" sizes=\"(max-width: 380px) 100vw, 380px\" \/><\/figure>\n\n\n\n<figure class=\"wp-block-image size-large\"><img loading=\"lazy\" decoding=\"async\" width=\"248\" height=\"380\" src=\"https:\/\/www.minipferd.de\/wp-content\/uploads\/2020\/05\/Verw14.jpg\" alt=\"\" class=\"wp-image-733\" srcset=\"https:\/\/www.minipferd.de\/wp-content\/uploads\/2020\/05\/Verw14.jpg 248w, https:\/\/www.minipferd.de\/wp-content\/uploads\/2020\/05\/Verw14-196x300.jpg 196w\" sizes=\"(max-width: 248px) 100vw, 248px\" \/><\/figure>\n\n\n\n<figure class=\"wp-block-image size-large\"><img loading=\"lazy\" decoding=\"async\" width=\"380\" height=\"317\" src=\"https:\/\/www.minipferd.de\/wp-content\/uploads\/2020\/05\/Verw13.jpg\" alt=\"\" class=\"wp-image-732\" srcset=\"https:\/\/www.minipferd.de\/wp-content\/uploads\/2020\/05\/Verw13.jpg 380w, https:\/\/www.minipferd.de\/wp-content\/uploads\/2020\/05\/Verw13-350x292.jpg 350w, https:\/\/www.minipferd.de\/wp-content\/uploads\/2020\/05\/Verw13-300x250.jpg 300w\" sizes=\"(max-width: 380px) 100vw, 380px\" \/><\/figure>\n\n\n\n<figure class=\"wp-block-image size-large\"><img loading=\"lazy\" decoding=\"async\" width=\"303\" height=\"239\" src=\"https:\/\/www.minipferd.de\/wp-content\/uploads\/2020\/05\/Verw12.jpg\" alt=\"\" class=\"wp-image-731\" srcset=\"https:\/\/www.minipferd.de\/wp-content\/uploads\/2020\/05\/Verw12.jpg 303w, https:\/\/www.minipferd.de\/wp-content\/uploads\/2020\/05\/Verw12-300x237.jpg 300w\" sizes=\"(max-width: 303px) 100vw, 303px\" \/><\/figure>\n\n\n\n<figure class=\"wp-block-image size-large\"><img loading=\"lazy\" decoding=\"async\" width=\"350\" height=\"263\" src=\"https:\/\/www.minipferd.de\/wp-content\/uploads\/2020\/05\/Verw11.jpg\" alt=\"\" class=\"wp-image-730\" srcset=\"https:\/\/www.minipferd.de\/wp-content\/uploads\/2020\/05\/Verw11.jpg 350w, https:\/\/www.minipferd.de\/wp-content\/uploads\/2020\/05\/Verw11-300x225.jpg 300w\" sizes=\"(max-width: 350px) 100vw, 350px\" \/><\/figure>\n\n\n\n<figure class=\"wp-block-image size-large\"><img loading=\"lazy\" decoding=\"async\" width=\"380\" height=\"284\" src=\"https:\/\/www.minipferd.de\/wp-content\/uploads\/2020\/05\/Verw10.jpg\" alt=\"\" class=\"wp-image-729\" srcset=\"https:\/\/www.minipferd.de\/wp-content\/uploads\/2020\/05\/Verw10.jpg 380w, https:\/\/www.minipferd.de\/wp-content\/uploads\/2020\/05\/Verw10-350x262.jpg 350w, https:\/\/www.minipferd.de\/wp-content\/uploads\/2020\/05\/Verw10-300x224.jpg 300w\" sizes=\"(max-width: 380px) 100vw, 380px\" \/><\/figure>\n\n\n\n<figure class=\"wp-block-image size-large\"><img loading=\"lazy\" decoding=\"async\" width=\"276\" height=\"216\" src=\"https:\/\/www.minipferd.de\/wp-content\/uploads\/2020\/05\/Verw08.jpg\" alt=\"\" class=\"wp-image-728\"\/><\/figure>\n\n\n\n<figure class=\"wp-block-image size-large\"><img loading=\"lazy\" decoding=\"async\" width=\"328\" height=\"380\" src=\"https:\/\/www.minipferd.de\/wp-content\/uploads\/2020\/05\/Verw07.jpg\" alt=\"\" class=\"wp-image-727\" srcset=\"https:\/\/www.minipferd.de\/wp-content\/uploads\/2020\/05\/Verw07.jpg 328w, https:\/\/www.minipferd.de\/wp-content\/uploads\/2020\/05\/Verw07-259x300.jpg 259w\" sizes=\"(max-width: 328px) 100vw, 328px\" \/><\/figure>\n\n\n\n<figure class=\"wp-block-image size-large\"><img loading=\"lazy\" decoding=\"async\" width=\"350\" height=\"263\" src=\"https:\/\/www.minipferd.de\/wp-content\/uploads\/2020\/05\/Verw05.jpg\" alt=\"\" class=\"wp-image-725\" srcset=\"https:\/\/www.minipferd.de\/wp-content\/uploads\/2020\/05\/Verw05.jpg 350w, https:\/\/www.minipferd.de\/wp-content\/uploads\/2020\/05\/Verw05-300x225.jpg 300w\" sizes=\"(max-width: 350px) 100vw, 350px\" \/><\/figure>\n\n\n\n<figure class=\"wp-block-image size-large\"><img loading=\"lazy\" decoding=\"async\" width=\"375\" height=\"375\" src=\"https:\/\/www.minipferd.de\/wp-content\/uploads\/2020\/05\/Verw06.jpg\" alt=\"\" class=\"wp-image-726\" srcset=\"https:\/\/www.minipferd.de\/wp-content\/uploads\/2020\/05\/Verw06.jpg 375w, https:\/\/www.minipferd.de\/wp-content\/uploads\/2020\/05\/Verw06-200x200.jpg 200w, https:\/\/www.minipferd.de\/wp-content\/uploads\/2020\/05\/Verw06-100x100.jpg 100w, https:\/\/www.minipferd.de\/wp-content\/uploads\/2020\/05\/Verw06-350x350.jpg 350w, https:\/\/www.minipferd.de\/wp-content\/uploads\/2020\/05\/Verw06-300x300.jpg 300w, https:\/\/www.minipferd.de\/wp-content\/uploads\/2020\/05\/Verw06-150x150.jpg 150w\" sizes=\"(max-width: 375px) 100vw, 375px\" \/><\/figure>\n\n\n\n<figure class=\"wp-block-image size-large\"><img loading=\"lazy\" decoding=\"async\" width=\"380\" height=\"285\" src=\"https:\/\/www.minipferd.de\/wp-content\/uploads\/2020\/05\/Verw04.jpg\" alt=\"\" class=\"wp-image-724\" srcset=\"https:\/\/www.minipferd.de\/wp-content\/uploads\/2020\/05\/Verw04.jpg 380w, https:\/\/www.minipferd.de\/wp-content\/uploads\/2020\/05\/Verw04-350x263.jpg 350w, https:\/\/www.minipferd.de\/wp-content\/uploads\/2020\/05\/Verw04-300x225.jpg 300w\" sizes=\"(max-width: 380px) 100vw, 380px\" \/><\/figure>\n\n\n\n<figure class=\"wp-block-image size-large\"><img loading=\"lazy\" decoding=\"async\" width=\"380\" height=\"270\" src=\"https:\/\/www.minipferd.de\/wp-content\/uploads\/2020\/05\/Verw02.jpg\" alt=\"\" class=\"wp-image-723\" srcset=\"https:\/\/www.minipferd.de\/wp-content\/uploads\/2020\/05\/Verw02.jpg 380w, https:\/\/www.minipferd.de\/wp-content\/uploads\/2020\/05\/Verw02-350x249.jpg 350w, https:\/\/www.minipferd.de\/wp-content\/uploads\/2020\/05\/Verw02-300x213.jpg 300w\" sizes=\"(max-width: 380px) 100vw, 380px\" \/><\/figure>\n<\/figure>\n<\/div><\/div>\n","protected":false},"excerpt":{"rendered":"<p>Was macht man mit einem Minipferd? Wegen seines liebenswerten und menschenbezogenen Charakters und seiner geringen Gr\u00f6\u00dfe ist das Amerikanische Miniaturpferd das optimale Familienpferd. Besonders niedlich sind nat\u00fcrlich die Fohlen, die bei der Geburt nur etwa 50 cm gro\u00df sind. Viele Pferdeliebhaber, die auch Gro\u00dfpferde besitzen, wollen, dass ihre Kinder auch die Liebe zu diesen wunderbaren &hellip; <a href=\"https:\/\/www.minipferd.de\/?page_id=286\" class=\"more-link\"><span class=\"screen-reader-text\">Verwendung<\/span> weiterlesen<\/a><\/p>\n","protected":false},"author":1,"featured_media":0,"parent":280,"menu_order":0,"comment_status":"closed","ping_status":"closed","template":"","meta":{"footnotes":""},"class_list":["post-286","page","type-page","status-publish","hentry"],"_links":{"self":[{"href":"https:\/\/www.minipferd.de\/index.php?rest_route=\/wp\/v2\/pages\/286"}],"collection":[{"href":"https:\/\/www.minipferd.de\/index.php?rest_route=\/wp\/v2\/pages"}],"about":[{"href":"https:\/\/www.minipferd.de\/index.php?rest_route=\/wp\/v2\/types\/page"}],"author":[{"embeddable":true,"href":"https:\/\/www.minipferd.de\/index.php?rest_route=\/wp\/v2\/users\/1"}],"replies":[{"embeddable":true,"href":"https:\/\/www.minipferd.de\/index.php?rest_route=%2Fwp%2Fv2%2Fcomments&post=286"}],"version-history":[{"count":21,"href":"https:\/\/www.minipferd.de\/index.php?rest_route=\/wp\/v2\/pages\/286\/revisions"}],"predecessor-version":[{"id":2768,"href":"https:\/\/www.minipferd.de\/index.php?rest_route=\/wp\/v2\/pages\/286\/revisions\/2768"}],"up":[{"embeddable":true,"href":"https:\/\/www.minipferd.de\/index.php?rest_route=\/wp\/v2\/pages\/280"}],"wp:attachment":[{"href":"https:\/\/www.minipferd.de\/index.php?rest_route=%2Fwp%2Fv2%2Fmedia&parent=286"}],"curies":[{"name":"wp","href":"https:\/\/api.w.org\/{rel}","templated":true}]}}