{"id":280,"date":"2018-02-23T15:59:25","date_gmt":"2018-02-23T14:59:25","guid":{"rendered":"http:\/\/www.wp.minipferd.de\/?page_id=280"},"modified":"2023-08-31T14:11:35","modified_gmt":"2023-08-31T12:11:35","slug":"informationen","status":"publish","type":"page","link":"https:\/\/www.minipferd.de\/?page_id=280","title":{"rendered":"Informationen"},"content":{"rendered":"<p><span style=\"color: #ffcc01;\">Es gibt immer sehr viele wichtige Fragen rund um diese Rasse, die uns immer wieder gestellt werden. Wir haben uns bem\u00fcht, einige dieser Fragen, die wir als besonders h\u00e4ufig oder besonders wichtig empfinden, hier mit einer kurzen, aber aussagekr\u00e4ftigen Antwort aufzuf\u00fchren. Damit Sie sich besser zurecht finden, haben wir die Fragen in Kategorien aufgeteilt. Ein Klick auf die Frage f\u00fchrt zur zugeh\u00f6rigen Antwort.<\/span><\/p>\n<p><a href=\"http:\/\/www.minipferd.de\/?page_id=282\">&gt;&gt; zu unseren FAQ &lt;&lt;<\/a><\/p>\n<p><strong><span style=\"color: #ffcc01;\">Was macht man mit einem Minipferd?<\/span><\/strong><\/p>\n<p><span style=\"color: #ffcc01;\">Hier wollen wir Ihnen vielf\u00e4ltige Informationen f\u00fcr die Verwendung der Minipferde aufzeigen:<\/span><\/p>\n<p><a href=\"http:\/\/www.minipferd.de\/?page_id=286\">&gt;&gt; zur Verwendung &lt;&lt;<\/a><\/p>\n","protected":false},"excerpt":{"rendered":"<p>Es gibt immer sehr viele wichtige Fragen rund um diese Rasse, die uns immer wieder gestellt werden. Wir haben uns bem\u00fcht, einige dieser Fragen, die wir als besonders h\u00e4ufig oder besonders wichtig empfinden, hier mit einer kurzen, aber aussagekr\u00e4ftigen Antwort aufzuf\u00fchren. Damit Sie sich besser zurecht finden, haben wir die Fragen in Kategorien aufgeteilt. Ein &hellip; <a href=\"https:\/\/www.minipferd.de\/?page_id=280\" class=\"more-link\"><span class=\"screen-reader-text\">Informationen<\/span> weiterlesen<\/a><\/p>\n","protected":false},"author":1,"featured_media":0,"parent":0,"menu_order":0,"comment_status":"closed","ping_status":"closed","template":"","meta":{"footnotes":""},"class_list":["post-280","page","type-page","status-publish","hentry"],"_links":{"self":[{"href":"https:\/\/www.minipferd.de\/index.php?rest_route=\/wp\/v2\/pages\/280"}],"collection":[{"href":"https:\/\/www.minipferd.de\/index.php?rest_route=\/wp\/v2\/pages"}],"about":[{"href":"https:\/\/www.minipferd.de\/index.php?rest_route=\/wp\/v2\/types\/page"}],"author":[{"embeddable":true,"href":"https:\/\/www.minipferd.de\/index.php?rest_route=\/wp\/v2\/users\/1"}],"replies":[{"embeddable":true,"href":"https:\/\/www.minipferd.de\/index.php?rest_route=%2Fwp%2Fv2%2Fcomments&post=280"}],"version-history":[{"count":14,"href":"https:\/\/www.minipferd.de\/index.php?rest_route=\/wp\/v2\/pages\/280\/revisions"}],"predecessor-version":[{"id":1980,"href":"https:\/\/www.minipferd.de\/index.php?rest_route=\/wp\/v2\/pages\/280\/revisions\/1980"}],"wp:attachment":[{"href":"https:\/\/www.minipferd.de\/index.php?rest_route=%2Fwp%2Fv2%2Fmedia&parent=280"}],"curies":[{"name":"wp","href":"https:\/\/api.w.org\/{rel}","templated":true}]}}