{"id":28,"date":"2018-02-20T11:31:29","date_gmt":"2018-02-20T10:31:29","guid":{"rendered":"http:\/\/www.minipferd.de\/?page_id=28"},"modified":"2024-09-05T11:17:54","modified_gmt":"2024-09-05T09:17:54","slug":"kontakt-2","status":"publish","type":"page","link":"https:\/\/www.minipferd.de\/?page_id=28","title":{"rendered":"Impressum"},"content":{"rendered":"\n<h1 class=\"wp-block-heading has-yellow-color has-text-color has-link-color wp-elements-49f6eb1f17ccb10b96fa174b79ac8120\" id=\"angaben-gemass-5-tmg\">Angaben gem\u00e4\u00df \u00a7 5 TMG<\/h1>\n\n\n\n<h2 class=\"wp-block-heading has-yellow-color has-text-color has-link-color wp-elements-196b015e9382855a54a2c5edc27db640\" id=\"kontakt\">Kontakt<\/h2>\n\n\n\n<p class=\"has-yellow-color has-text-color has-link-color wp-elements-2dbd817c7595e4c49297797c5e337ecb\">Cornelia &amp; Julia Steinbrecher<br>Kirchenstra\u00dfe 19<br>83098 Brannenburg<\/p>\n\n\n\n<p class=\"has-yellow-color has-text-color has-link-color wp-elements-1bba9ae428c33f8ed076def8e2e50894\">Telefon: 0160 7146940<br>E-Mail: julia.libertyhorses@gmail.com<\/p>\n\n\n\n<h2 class=\"wp-block-heading has-yellow-color has-text-color has-link-color wp-elements-f03ae96600a5e2e728122540e5d9ea95\" id=\"umsatzsteuer-id\">Umsatzsteuer-ID<\/h2>\n\n\n\n<p class=\"has-yellow-color has-text-color has-link-color wp-elements-41aee33aae96daef7598e78e541623d9\">Umsatzsteuer-Identifikationsnummer gem\u00e4\u00df \u00a7 27 a Umsatzsteuergesetz:\nDE237625169<\/p>\n\n\n\n<h2 class=\"wp-block-heading has-yellow-color has-text-color has-link-color wp-elements-fc13b720f3f6cf23ee9e181b29f91371\" id=\"berufsbezeichnung-und-berufsrechtliche-regelungen\">Berufsbezeichnung und berufsrechtliche Regelungen<\/h2>\n\n\n\n<p class=\"has-yellow-color has-text-color has-link-color wp-elements-7c27bbf21ea46fef55805edc79cfc6a4\">Berufsbezeichnung: Tiertraining\/ Tierzucht, Verkauf von Tierprodukten<\/p>\n\n\n\n<h2 class=\"wp-block-heading has-yellow-color has-text-color has-link-color wp-elements-3d8f17027c16b8bc937c162dbb4087ba\" id=\"redaktionell-verantwortlich\">Redaktionell verantwortlich<\/h2>\n\n\n\n<p class=\"has-yellow-color has-text-color has-link-color wp-elements-a7ecea7278b7055fd40b31effb77776f\">Cornelia Steinbrecher <br>Kirchenstr 19<br>83098 Brannenburg<\/p>\n\n\n\n<h2 class=\"wp-block-heading has-yellow-color has-text-color has-link-color wp-elements-62d11953c6acb354cb7730e20af8a376\" id=\"haftungshinweis\">Haftungshinweis<\/h2>\n\n\n\n<p class=\"has-yellow-color has-text-color has-link-color wp-elements-c5df1d0e6e6a19e78cbadc134049a353\">Trotz sorgf\u00e4ltiger inhaltlicher Kontrolle \u00fcbernehmen wir keine Haftung f\u00fcr die Inhalte externer Links. F\u00fcr den Inhalt der verlinkten Seiten sind ausschlie\u00dflich deren Betreiber verantwortlich.<\/p>\n\n\n\n<h2 class=\"wp-block-heading has-yellow-color has-text-color has-link-color wp-elements-7e5c6e51a0d2fc9e7e241c22ed934485\" id=\"urheberrechtlicher-hinweis\">Urheberrechtlicher Hinweis<\/h2>\n\n\n\n<p class=\"has-yellow-color has-text-color has-link-color wp-elements-31a22ea4f9df9743b8ea76e5698e8da7\">Texte und Bilder auf dieser Website sind urheberrechtlich gesch\u00fctzt. Sie d\u00fcrfen nicht kopiert und nicht anderweitig verwendet werden. In Einzelf\u00e4llen geben wir Ihnen m\u00f6glicherweise die Erlaubnis, einzelne Bilder oder Textpartien f\u00fcr Ihre Zwecke zu verwenden, allerdings bed\u00fcrfen Sie dazu unserer AUSDR\u00dcCKLICHEN Einwilligung.<\/p>\n\n\n\n<h2 class=\"wp-block-heading has-yellow-color has-text-color has-link-color wp-elements-8357ebb236523636df55bc87ba74e640\" id=\"eu-streitschlichtung\">EU-Streitschlichtung<\/h2>\n\n\n\n<p class=\"has-yellow-color has-text-color has-link-color wp-elements-1097411d7a48b60c1d263314ecc067fa\">Die Europ\u00e4ische Kommission stellt eine Plattform zur Online-Streitbeilegung (OS) bereit: <a href=\"https:\/\/ec.europa.eu\/consumers\/odr\/\" target=\"_blank\" rel=\"noreferrer noopener\">https:\/\/ec.europa.eu\/consumers\/odr\/<\/a>.\nUnsere E-Mail-Adresse finden Sie oben im Impressum.<\/p>\n\n\n\n<h2 class=\"wp-block-heading has-yellow-color has-text-color has-link-color wp-elements-b2a18a43d6e9d705cd3f761a91b2d585\" id=\"verbraucher-streit-beilegung-universal-schlichtungs-stelle\">Verbraucher\u00adstreit\u00adbeilegung\/Universal\u00adschlichtungs\u00adstelle<\/h2>\n\n\n\n<p class=\"has-yellow-color has-text-color has-link-color wp-elements-8f8f89a6290e6da8bb490669d7b8a604\">Wir sind nicht bereit oder verpflichtet, an Streitbeilegungsverfahren vor einer Verbraucherschlichtungsstelle teilzunehmen.<\/p>\n\n\n\n<p class=\"has-yellow-color has-text-color has-link-color wp-elements-468ee526c3f7d1dbac754535faaaf4c8\">Quelle: <a href=\"https:\/\/www.e-recht24.de\/impressum-generator.html\">https:\/\/www.e-recht24.de\/impressum-generator.html<\/a><\/p>\n","protected":false},"excerpt":{"rendered":"<p>Angaben gem\u00e4\u00df \u00a7 5 TMG Kontakt Cornelia &amp; Julia SteinbrecherKirchenstra\u00dfe 1983098 Brannenburg Telefon: 0160 7146940E-Mail: julia.libertyhorses@gmail.com Umsatzsteuer-ID Umsatzsteuer-Identifikationsnummer gem\u00e4\u00df \u00a7 27 a Umsatzsteuergesetz: DE237625169 Berufsbezeichnung und berufsrechtliche Regelungen Berufsbezeichnung: Tiertraining\/ Tierzucht, Verkauf von Tierprodukten Redaktionell verantwortlich Cornelia Steinbrecher Kirchenstr 1983098 Brannenburg Haftungshinweis Trotz sorgf\u00e4ltiger inhaltlicher Kontrolle \u00fcbernehmen wir keine Haftung f\u00fcr die Inhalte externer Links. &hellip; <a href=\"https:\/\/www.minipferd.de\/?page_id=28\" class=\"more-link\"><span class=\"screen-reader-text\">Impressum<\/span> weiterlesen<\/a><\/p>\n","protected":false},"author":1,"featured_media":0,"parent":0,"menu_order":0,"comment_status":"closed","ping_status":"closed","template":"","meta":{"footnotes":""},"class_list":["post-28","page","type-page","status-publish","hentry"],"_links":{"self":[{"href":"https:\/\/www.minipferd.de\/index.php?rest_route=\/wp\/v2\/pages\/28"}],"collection":[{"href":"https:\/\/www.minipferd.de\/index.php?rest_route=\/wp\/v2\/pages"}],"about":[{"href":"https:\/\/www.minipferd.de\/index.php?rest_route=\/wp\/v2\/types\/page"}],"author":[{"embeddable":true,"href":"https:\/\/www.minipferd.de\/index.php?rest_route=\/wp\/v2\/users\/1"}],"replies":[{"embeddable":true,"href":"https:\/\/www.minipferd.de\/index.php?rest_route=%2Fwp%2Fv2%2Fcomments&post=28"}],"version-history":[{"count":22,"href":"https:\/\/www.minipferd.de\/index.php?rest_route=\/wp\/v2\/pages\/28\/revisions"}],"predecessor-version":[{"id":2769,"href":"https:\/\/www.minipferd.de\/index.php?rest_route=\/wp\/v2\/pages\/28\/revisions\/2769"}],"wp:attachment":[{"href":"https:\/\/www.minipferd.de\/index.php?rest_route=%2Fwp%2Fv2%2Fmedia&parent=28"}],"curies":[{"name":"wp","href":"https:\/\/api.w.org\/{rel}","templated":true}]}}