{"id":2564,"date":"2024-07-13T23:17:35","date_gmt":"2024-07-13T21:17:35","guid":{"rendered":"https:\/\/www.minipferd.de\/?page_id=2564"},"modified":"2025-09-10T12:34:25","modified_gmt":"2025-09-10T10:34:25","slug":"artic-queen","status":"publish","type":"page","link":"https:\/\/www.minipferd.de\/?page_id=2564","title":{"rendered":"Canterbury Artic Queen"},"content":{"rendered":"\n<div class=\"wp-block-group mobile-flex-reverse is-nowrap is-layout-flex wp-container-core-group-is-layout-3 wp-block-group-is-layout-flex\">\n<div class=\"wp-block-group wp-container-content-1\"><div class=\"wp-block-group__inner-container is-layout-constrained wp-block-group-is-layout-constrained\">\n<p class=\"has-yellow-color has-text-color has-link-color wp-elements-6302a0c9646304d26b4ddd79e2442ea5\">Spitzname: Queeny<br>Geboren: 13.09.2015<br>Gr\u00f6\u00dfe: 82cm<br>Farbe: Fewspot<\/p>\n<\/div><\/div>\n\n\n\n<div class=\"wp-block-group wp-container-content-2\"><div class=\"wp-block-group__inner-container is-layout-constrained wp-block-group-is-layout-constrained\">\n<figure class=\"wp-block-image size-large is-style-default\"><img loading=\"lazy\" decoding=\"async\" width=\"1024\" height=\"762\" src=\"http:\/\/www.minipferd.de\/wp-content\/uploads\/2024\/06\/WhatsApp-Image-2024-06-19-at-11.01.04-1024x762.jpeg\" alt=\"\" class=\"wp-image-2357\" style=\"object-fit:cover\" srcset=\"https:\/\/www.minipferd.de\/wp-content\/uploads\/2024\/06\/WhatsApp-Image-2024-06-19-at-11.01.04-1024x762.jpeg 1024w, https:\/\/www.minipferd.de\/wp-content\/uploads\/2024\/06\/WhatsApp-Image-2024-06-19-at-11.01.04-300x223.jpeg 300w, https:\/\/www.minipferd.de\/wp-content\/uploads\/2024\/06\/WhatsApp-Image-2024-06-19-at-11.01.04-768x572.jpeg 768w, https:\/\/www.minipferd.de\/wp-content\/uploads\/2024\/06\/WhatsApp-Image-2024-06-19-at-11.01.04-1536x1144.jpeg 1536w, https:\/\/www.minipferd.de\/wp-content\/uploads\/2024\/06\/WhatsApp-Image-2024-06-19-at-11.01.04-2048x1525.jpeg 2048w, https:\/\/www.minipferd.de\/wp-content\/uploads\/2024\/06\/WhatsApp-Image-2024-06-19-at-11.01.04-1320x983.jpeg 1320w\" sizes=\"(max-width: 1024px) 100vw, 1024px\" \/><\/figure>\n<\/div><\/div>\n<\/div>\n\n\n\n<p class=\"has-yellow-color has-text-color has-link-color wp-elements-072f76d687c221dad29552ad059143da\">Queeny ist eine bildh\u00fcbsche Fewspot Stute. Sie hat bereits traumhafte Nachzuchten und vererbt die wundersch\u00f6ne Tigerfarbe! Geboren wurde die h\u00fcbsche Stute in AMERIKA! Queeny ist pr\u00e4miert und hat sich QUALIFIZIERT F\u00dcR DIE LANDESSCHAU! Sie  ist LP\/LP und vererbt das Leopardgen somit an jedes ihrer Fohlen.<\/p>\n\n\n\n<figure class=\"wp-block-gallery has-nested-images columns-default is-cropped wp-block-gallery-1 is-layout-flex wp-block-gallery-is-layout-flex\">\n<figure class=\"wp-block-image size-large\"><img loading=\"lazy\" decoding=\"async\" width=\"640\" height=\"427\" data-id=\"2648\" src=\"https:\/\/www.minipferd.de\/wp-content\/uploads\/2024\/08\/5F3A8571.jpg\" alt=\"\" class=\"wp-image-2648\" srcset=\"https:\/\/www.minipferd.de\/wp-content\/uploads\/2024\/08\/5F3A8571.jpg 640w, https:\/\/www.minipferd.de\/wp-content\/uploads\/2024\/08\/5F3A8571-300x200.jpg 300w\" sizes=\"(max-width: 640px) 100vw, 640px\" \/><\/figure>\n\n\n\n<figure class=\"wp-block-image size-large\"><img loading=\"lazy\" decoding=\"async\" width=\"640\" height=\"427\" data-id=\"2650\" src=\"https:\/\/www.minipferd.de\/wp-content\/uploads\/2024\/08\/5F3A8549.jpg\" alt=\"\" class=\"wp-image-2650\" srcset=\"https:\/\/www.minipferd.de\/wp-content\/uploads\/2024\/08\/5F3A8549.jpg 640w, https:\/\/www.minipferd.de\/wp-content\/uploads\/2024\/08\/5F3A8549-300x200.jpg 300w\" sizes=\"(max-width: 640px) 100vw, 640px\" \/><\/figure>\n<\/figure>\n\n\n\n<div class=\"wp-block-group\"><div class=\"wp-block-group__inner-container is-layout-constrained wp-block-group-is-layout-constrained\">\n<h2 class=\"wp-block-heading has-yellow-color has-text-color has-link-color wp-elements-0c034ee003aa4e1e0e3f0b832b76332e\">Fohlen<\/h2>\n\n\n\n<div class=\"wp-block-columns is-layout-flex wp-container-core-columns-is-layout-1 wp-block-columns-is-layout-flex\">\n<div class=\"wp-block-column is-layout-flow wp-block-column-is-layout-flow\">\n<figure class=\"wp-block-image size-large\"><img loading=\"lazy\" decoding=\"async\" width=\"1024\" height=\"672\" src=\"http:\/\/www.minipferd.de\/wp-content\/uploads\/2025\/05\/IMG_2822-1024x672.jpeg\" alt=\"\" class=\"wp-image-2844\" srcset=\"https:\/\/www.minipferd.de\/wp-content\/uploads\/2025\/05\/IMG_2822-1024x672.jpeg 1024w, https:\/\/www.minipferd.de\/wp-content\/uploads\/2025\/05\/IMG_2822-300x197.jpeg 300w, https:\/\/www.minipferd.de\/wp-content\/uploads\/2025\/05\/IMG_2822-768x504.jpeg 768w, https:\/\/www.minipferd.de\/wp-content\/uploads\/2025\/05\/IMG_2822.jpeg 1290w\" sizes=\"(max-width: 1024px) 100vw, 1024px\" \/><figcaption class=\"wp-element-caption\">JS Royal Dancing Duchess<\/figcaption><\/figure>\n<\/div>\n\n\n\n<div class=\"wp-block-column is-layout-flow wp-block-column-is-layout-flow\"><\/div>\n<\/div>\n\n\n\n<div class=\"wp-block-columns is-layout-flex wp-container-core-columns-is-layout-2 wp-block-columns-is-layout-flex\">\n<div class=\"wp-block-column is-layout-flow wp-block-column-is-layout-flow\">\n<figure class=\"wp-block-image size-large\"><img loading=\"lazy\" decoding=\"async\" width=\"1024\" height=\"683\" src=\"http:\/\/www.minipferd.de\/wp-content\/uploads\/2024\/07\/IMG_4297-1024x683.jpg\" alt=\"\" class=\"wp-image-2419\" style=\"aspect-ratio:4\/3;object-fit:cover\" srcset=\"https:\/\/www.minipferd.de\/wp-content\/uploads\/2024\/07\/IMG_4297-1024x683.jpg 1024w, https:\/\/www.minipferd.de\/wp-content\/uploads\/2024\/07\/IMG_4297-300x200.jpg 300w, https:\/\/www.minipferd.de\/wp-content\/uploads\/2024\/07\/IMG_4297-768x512.jpg 768w, https:\/\/www.minipferd.de\/wp-content\/uploads\/2024\/07\/IMG_4297-1536x1024.jpg 1536w, https:\/\/www.minipferd.de\/wp-content\/uploads\/2024\/07\/IMG_4297-2048x1365.jpg 2048w, https:\/\/www.minipferd.de\/wp-content\/uploads\/2024\/07\/IMG_4297-1320x880.jpg 1320w\" sizes=\"(max-width: 1024px) 100vw, 1024px\" \/><figcaption class=\"wp-element-caption\"><mark style=\"background-color:rgba(0, 0, 0, 0)\" class=\"has-inline-color has-yellow-color\"><a href=\"https:\/\/www.minipferd.de\/?page_id=2670\" data-type=\"page\" data-id=\"2670\">JS Royal Sweet Cinderella<\/a><\/mark><\/figcaption><\/figure>\n<\/div>\n\n\n\n<div class=\"wp-block-column is-layout-flow wp-block-column-is-layout-flow\">\n<figure class=\"wp-block-image size-full\"><img loading=\"lazy\" decoding=\"async\" width=\"640\" height=\"456\" src=\"https:\/\/www.minipferd.de\/wp-content\/uploads\/2025\/05\/IMG_2832.jpeg\" alt=\"\" class=\"wp-image-2865\" style=\"aspect-ratio:4\/3;object-fit:cover\" srcset=\"https:\/\/www.minipferd.de\/wp-content\/uploads\/2025\/05\/IMG_2832.jpeg 640w, https:\/\/www.minipferd.de\/wp-content\/uploads\/2025\/05\/IMG_2832-300x214.jpeg 300w\" sizes=\"(max-width: 640px) 100vw, 640px\" \/><figcaption class=\"wp-element-caption\"><mark style=\"background-color:rgba(0, 0, 0, 0)\" class=\"has-inline-color has-yellow-color\">JS Royal Artic King<\/mark><\/figcaption><\/figure>\n<\/div>\n<\/div>\n<\/div><\/div>\n","protected":false},"excerpt":{"rendered":"<p>Spitzname: QueenyGeboren: 13.09.2015Gr\u00f6\u00dfe: 82cmFarbe: Fewspot Queeny ist eine bildh\u00fcbsche Fewspot Stute. Sie hat bereits traumhafte Nachzuchten und vererbt die wundersch\u00f6ne Tigerfarbe! Geboren wurde die h\u00fcbsche Stute in AMERIKA! Queeny ist pr\u00e4miert und hat sich QUALIFIZIERT F\u00dcR DIE LANDESSCHAU! Sie ist LP\/LP und vererbt das Leopardgen somit an jedes ihrer Fohlen. Fohlen<\/p>\n","protected":false},"author":2,"featured_media":0,"parent":249,"menu_order":0,"comment_status":"closed","ping_status":"closed","template":"","meta":{"footnotes":""},"class_list":["post-2564","page","type-page","status-publish","hentry"],"_links":{"self":[{"href":"https:\/\/www.minipferd.de\/index.php?rest_route=\/wp\/v2\/pages\/2564"}],"collection":[{"href":"https:\/\/www.minipferd.de\/index.php?rest_route=\/wp\/v2\/pages"}],"about":[{"href":"https:\/\/www.minipferd.de\/index.php?rest_route=\/wp\/v2\/types\/page"}],"author":[{"embeddable":true,"href":"https:\/\/www.minipferd.de\/index.php?rest_route=\/wp\/v2\/users\/2"}],"replies":[{"embeddable":true,"href":"https:\/\/www.minipferd.de\/index.php?rest_route=%2Fwp%2Fv2%2Fcomments&post=2564"}],"version-history":[{"count":13,"href":"https:\/\/www.minipferd.de\/index.php?rest_route=\/wp\/v2\/pages\/2564\/revisions"}],"predecessor-version":[{"id":2935,"href":"https:\/\/www.minipferd.de\/index.php?rest_route=\/wp\/v2\/pages\/2564\/revisions\/2935"}],"up":[{"embeddable":true,"href":"https:\/\/www.minipferd.de\/index.php?rest_route=\/wp\/v2\/pages\/249"}],"wp:attachment":[{"href":"https:\/\/www.minipferd.de\/index.php?rest_route=%2Fwp%2Fv2%2Fmedia&parent=2564"}],"curies":[{"name":"wp","href":"https:\/\/api.w.org\/{rel}","templated":true}]}}