{"id":249,"date":"2018-02-23T15:14:39","date_gmt":"2018-02-23T14:14:39","guid":{"rendered":"http:\/\/www.wp.minipferd.de\/?page_id=249"},"modified":"2025-09-10T13:08:57","modified_gmt":"2025-09-10T11:08:57","slug":"stuten","status":"publish","type":"page","link":"https:\/\/www.minipferd.de\/?page_id=249","title":{"rendered":"Unsere Stuten"},"content":{"rendered":"<p style=\"text-align: left;\"><span style=\"color: #ffcc00;\">Unsere Stuten sind das Fundament unseres Zuchtprogramms, denn wir sind \u00fcberzeugt, dass nur qualit\u00e4tvolle Stuten Top-Fohlen bringen. Neben der Korrektheit des K\u00f6rperbaus, der tollen Abstammung und dem Gangwerk z\u00e4hlt f\u00fcr uns dabei auch ein lieber Charakter.\u00a0 \u00a0Sie finden unter unseren Stuten eine bunte Vielfalt unterschiedlicher Blutlinien, Farben und Typen &#8211; und jede f\u00fcr sich ist eine einzigartige Pers\u00f6nlichkeit!\u00a0<\/span><\/p>\n<p style=\"text-align: left;\"><span style=\"color: #ff0000;\">Klicken Sie auf das jeweilige Bild f\u00fcr mehr Infos!<\/span><\/p>\n\n\n<h3 class=\"wp-block-heading\">American Miniature Horses<\/h3>\n\n\n<div class=\"wp-block-image\">\n<figure class=\"aligncenter size-large\"><a href=\"https:\/\/www.minipferd.de\/?page_id=567\"><img loading=\"lazy\" decoding=\"async\" width=\"1024\" height=\"682\" src=\"http:\/\/www.minipferd.de\/wp-content\/uploads\/2024\/07\/5F3A8037-Edit-2-1024x682.jpg\" alt=\"\" class=\"wp-image-2376\" style=\"aspect-ratio:4\/3;object-fit:cover\" srcset=\"https:\/\/www.minipferd.de\/wp-content\/uploads\/2024\/07\/5F3A8037-Edit-2-1024x682.jpg 1024w, https:\/\/www.minipferd.de\/wp-content\/uploads\/2024\/07\/5F3A8037-Edit-2-300x200.jpg 300w, https:\/\/www.minipferd.de\/wp-content\/uploads\/2024\/07\/5F3A8037-Edit-2-768x512.jpg 768w, https:\/\/www.minipferd.de\/wp-content\/uploads\/2024\/07\/5F3A8037-Edit-2-1536x1024.jpg 1536w, https:\/\/www.minipferd.de\/wp-content\/uploads\/2024\/07\/5F3A8037-Edit-2-1320x880.jpg 1320w, https:\/\/www.minipferd.de\/wp-content\/uploads\/2024\/07\/5F3A8037-Edit-2.jpg 2000w\" sizes=\"(max-width: 1024px) 100vw, 1024px\" \/><\/a><figcaption class=\"wp-element-caption\"><a href=\"https:\/\/www.minipferd.de\/?page_id=567\"><mark style=\"background-color:rgba(0, 0, 0, 0)\" class=\"has-inline-color has-yellow-color\">CS Royal Stands Coco Chanel<\/mark><\/a><\/figcaption><\/figure><\/div>\n\n\n<figure class=\"wp-block-image size-large\"><img loading=\"lazy\" decoding=\"async\" width=\"1024\" height=\"664\" src=\"https:\/\/www.minipferd.de\/wp-content\/uploads\/2025\/05\/IMG_2831-1024x664.jpeg\" alt=\"\" class=\"wp-image-2853\" style=\"aspect-ratio:4\/3;object-fit:cover\" srcset=\"https:\/\/www.minipferd.de\/wp-content\/uploads\/2025\/05\/IMG_2831-1024x664.jpeg 1024w, https:\/\/www.minipferd.de\/wp-content\/uploads\/2025\/05\/IMG_2831-300x194.jpeg 300w, https:\/\/www.minipferd.de\/wp-content\/uploads\/2025\/05\/IMG_2831-768x498.jpeg 768w, https:\/\/www.minipferd.de\/wp-content\/uploads\/2025\/05\/IMG_2831.jpeg 1282w\" sizes=\"(max-width: 1024px) 100vw, 1024px\" \/><figcaption class=\"wp-element-caption\"><a href=\"https:\/\/www.minipferd.de\/?page_id=1350\" data-type=\"page\" data-id=\"1350\">JS Royal Cocos Tigerlilli<\/a><\/figcaption><\/figure>\n\n\n\n<figure class=\"wp-block-image size-large is-resized\"><a href=\"http:\/\/www.minipferd.de\/?page_id=1225\"><img loading=\"lazy\" decoding=\"async\" width=\"1024\" height=\"682\" src=\"http:\/\/www.minipferd.de\/wp-content\/uploads\/2022\/01\/7131_Pianista-1024x682.jpg\" alt=\"\" class=\"wp-image-1364\" style=\"aspect-ratio:4\/3;object-fit:cover\" srcset=\"https:\/\/www.minipferd.de\/wp-content\/uploads\/2022\/01\/7131_Pianista-1024x682.jpg 1024w, https:\/\/www.minipferd.de\/wp-content\/uploads\/2022\/01\/7131_Pianista-350x233.jpg 350w, https:\/\/www.minipferd.de\/wp-content\/uploads\/2022\/01\/7131_Pianista-300x200.jpg 300w, https:\/\/www.minipferd.de\/wp-content\/uploads\/2022\/01\/7131_Pianista-768x512.jpg 768w, https:\/\/www.minipferd.de\/wp-content\/uploads\/2022\/01\/7131_Pianista-1536x1024.jpg 1536w, https:\/\/www.minipferd.de\/wp-content\/uploads\/2022\/01\/7131_Pianista.jpg 2000w\" sizes=\"(max-width: 1024px) 100vw, 1024px\" \/><\/a><figcaption class=\"wp-element-caption\"><a href=\"http:\/\/www.minipferd.de\/?page_id=1225\" data-type=\"page\" data-id=\"1225\"><span class=\"has-inline-color has-yellow-color\">Tinydots Pianista<\/span><\/a><\/figcaption><\/figure>\n\n\n\n<figure class=\"wp-block-image size-large\"><img loading=\"lazy\" decoding=\"async\" width=\"1024\" height=\"773\" src=\"http:\/\/www.minipferd.de\/wp-content\/uploads\/2024\/09\/3b211104-3e6a-4ee1-89df-3a0d9187cdf6-1024x773.jpeg\" alt=\"\" class=\"wp-image-2773\" style=\"aspect-ratio:4\/3;object-fit:cover\" srcset=\"https:\/\/www.minipferd.de\/wp-content\/uploads\/2024\/09\/3b211104-3e6a-4ee1-89df-3a0d9187cdf6-1024x773.jpeg 1024w, https:\/\/www.minipferd.de\/wp-content\/uploads\/2024\/09\/3b211104-3e6a-4ee1-89df-3a0d9187cdf6-300x226.jpeg 300w, https:\/\/www.minipferd.de\/wp-content\/uploads\/2024\/09\/3b211104-3e6a-4ee1-89df-3a0d9187cdf6-768x580.jpeg 768w, https:\/\/www.minipferd.de\/wp-content\/uploads\/2024\/09\/3b211104-3e6a-4ee1-89df-3a0d9187cdf6-1536x1159.jpeg 1536w, https:\/\/www.minipferd.de\/wp-content\/uploads\/2024\/09\/3b211104-3e6a-4ee1-89df-3a0d9187cdf6-1320x996.jpeg 1320w, https:\/\/www.minipferd.de\/wp-content\/uploads\/2024\/09\/3b211104-3e6a-4ee1-89df-3a0d9187cdf6.jpeg 1549w\" sizes=\"(max-width: 1024px) 100vw, 1024px\" \/><figcaption class=\"wp-element-caption\"><a href=\"http:\/\/www.minipferd.de\/?page_id=1348\" data-type=\"page\" data-id=\"1348\"><mark style=\"background-color:rgba(0, 0, 0, 0)\" class=\"has-inline-color has-yellow-color\">JS Royal Vanillas Angel<\/mark><\/a><\/figcaption><\/figure>\n\n\n\n<figure class=\"wp-block-image size-large is-resized\"><a href=\"http:\/\/www.minipferd.de\/?page_id=1605\"><img loading=\"lazy\" decoding=\"async\" width=\"1024\" height=\"679\" src=\"http:\/\/www.minipferd.de\/wp-content\/uploads\/2022\/01\/Pandora-1024x679.jpg\" alt=\"\" class=\"wp-image-1607\" style=\"aspect-ratio:1.3333333333333333;object-fit:cover;width:690px;height:auto\" srcset=\"https:\/\/www.minipferd.de\/wp-content\/uploads\/2022\/01\/Pandora-1024x679.jpg 1024w, https:\/\/www.minipferd.de\/wp-content\/uploads\/2022\/01\/Pandora-350x232.jpg 350w, https:\/\/www.minipferd.de\/wp-content\/uploads\/2022\/01\/Pandora-300x199.jpg 300w, https:\/\/www.minipferd.de\/wp-content\/uploads\/2022\/01\/Pandora-768x510.jpg 768w, https:\/\/www.minipferd.de\/wp-content\/uploads\/2022\/01\/Pandora.jpg 1284w\" sizes=\"(max-width: 1024px) 100vw, 1024px\" \/><\/a><figcaption class=\"wp-element-caption\"><a href=\"http:\/\/www.minipferd.de\/?page_id=1605\"><mark style=\"background-color:rgba(0, 0, 0, 0)\" class=\"has-inline-color has-yellow-color\">EBF Johns Pandora<\/mark><\/a><\/figcaption><\/figure>\n\n\n<div class=\"wp-block-image\">\n<figure class=\"aligncenter size-large is-resized\"><img loading=\"lazy\" decoding=\"async\" width=\"1024\" height=\"762\" src=\"https:\/\/www.minipferd.de\/wp-content\/uploads\/2024\/06\/WhatsApp-Image-2024-06-19-at-11.01.04-1024x762.jpeg\" alt=\"\" class=\"wp-image-2357\" style=\"aspect-ratio:1.3333333333333333;object-fit:cover;width:690px;height:auto\" srcset=\"https:\/\/www.minipferd.de\/wp-content\/uploads\/2024\/06\/WhatsApp-Image-2024-06-19-at-11.01.04-1024x762.jpeg 1024w, https:\/\/www.minipferd.de\/wp-content\/uploads\/2024\/06\/WhatsApp-Image-2024-06-19-at-11.01.04-300x223.jpeg 300w, https:\/\/www.minipferd.de\/wp-content\/uploads\/2024\/06\/WhatsApp-Image-2024-06-19-at-11.01.04-768x572.jpeg 768w, https:\/\/www.minipferd.de\/wp-content\/uploads\/2024\/06\/WhatsApp-Image-2024-06-19-at-11.01.04-1536x1144.jpeg 1536w, https:\/\/www.minipferd.de\/wp-content\/uploads\/2024\/06\/WhatsApp-Image-2024-06-19-at-11.01.04-2048x1525.jpeg 2048w, https:\/\/www.minipferd.de\/wp-content\/uploads\/2024\/06\/WhatsApp-Image-2024-06-19-at-11.01.04-1320x983.jpeg 1320w\" sizes=\"(max-width: 1024px) 100vw, 1024px\" \/><figcaption class=\"wp-element-caption\"><a href=\"https:\/\/www.minipferd.de\/?page_id=2564\" data-type=\"page\" data-id=\"2564\">Canterbury <mark style=\"background-color:rgba(0, 0, 0, 0)\" class=\"has-inline-color has-yellow-color\">Artic Queen<\/mark><\/a><\/figcaption><\/figure><\/div>\n\n\n<h3 class=\"wp-block-heading\">Jungpferde<\/h3>\n\n\n\n<figure class=\"wp-block-image size-full\"><img loading=\"lazy\" decoding=\"async\" width=\"640\" height=\"427\" src=\"http:\/\/www.minipferd.de\/wp-content\/uploads\/2024\/08\/5F3A7832-2.jpg\" alt=\"\" class=\"wp-image-2655\" srcset=\"https:\/\/www.minipferd.de\/wp-content\/uploads\/2024\/08\/5F3A7832-2.jpg 640w, https:\/\/www.minipferd.de\/wp-content\/uploads\/2024\/08\/5F3A7832-2-300x200.jpg 300w\" sizes=\"(max-width: 640px) 100vw, 640px\" \/><figcaption class=\"wp-element-caption\"><a href=\"https:\/\/www.minipferd.de\/?page_id=2153\" data-type=\"page\" data-id=\"2153\"><mark style=\"background-color:rgba(0, 0, 0, 0)\" class=\"has-inline-color has-yellow-color\">JS Royal Cocos Tiffany<\/mark><\/a><\/figcaption><\/figure>\n\n\n\n<figure class=\"wp-block-image size-full\"><img loading=\"lazy\" decoding=\"async\" width=\"2485\" height=\"1657\" src=\"http:\/\/www.minipferd.de\/wp-content\/uploads\/2025\/09\/DSC_9264-edited.jpg\" alt=\"\" class=\"wp-image-2961\" srcset=\"https:\/\/www.minipferd.de\/wp-content\/uploads\/2025\/09\/DSC_9264-edited.jpg 2485w, https:\/\/www.minipferd.de\/wp-content\/uploads\/2025\/09\/DSC_9264-edited-300x200.jpg 300w, https:\/\/www.minipferd.de\/wp-content\/uploads\/2025\/09\/DSC_9264-edited-1024x683.jpg 1024w, https:\/\/www.minipferd.de\/wp-content\/uploads\/2025\/09\/DSC_9264-edited-768x512.jpg 768w, https:\/\/www.minipferd.de\/wp-content\/uploads\/2025\/09\/DSC_9264-edited-1536x1024.jpg 1536w, https:\/\/www.minipferd.de\/wp-content\/uploads\/2025\/09\/DSC_9264-edited-2048x1366.jpg 2048w, https:\/\/www.minipferd.de\/wp-content\/uploads\/2025\/09\/DSC_9264-edited-1320x880.jpg 1320w\" sizes=\"(max-width: 2485px) 100vw, 2485px\" \/><figcaption class=\"wp-element-caption\"><a href=\"http:\/\/www.minipferd.de\/?page_id=2670\" data-type=\"page\" data-id=\"2670\"><mark style=\"background-color:rgba(0, 0, 0, 0)\" class=\"has-inline-color has-yellow-color\">JS Royal Sweet Cinderella<\/mark><\/a><\/figcaption><\/figure>\n\n\n\n<figure class=\"wp-block-image size-large\"><img loading=\"lazy\" decoding=\"async\" width=\"1024\" height=\"651\" src=\"http:\/\/www.minipferd.de\/wp-content\/uploads\/2025\/05\/DSC_9511-1024x651.jpeg\" alt=\"\" class=\"wp-image-2847\" srcset=\"https:\/\/www.minipferd.de\/wp-content\/uploads\/2025\/05\/DSC_9511-1024x651.jpeg 1024w, https:\/\/www.minipferd.de\/wp-content\/uploads\/2025\/05\/DSC_9511-300x191.jpeg 300w, https:\/\/www.minipferd.de\/wp-content\/uploads\/2025\/05\/DSC_9511-768x488.jpeg 768w, https:\/\/www.minipferd.de\/wp-content\/uploads\/2025\/05\/DSC_9511-1536x976.jpeg 1536w, https:\/\/www.minipferd.de\/wp-content\/uploads\/2025\/05\/DSC_9511-2048x1301.jpeg 2048w, https:\/\/www.minipferd.de\/wp-content\/uploads\/2025\/05\/DSC_9511-1320x839.jpeg 1320w\" sizes=\"(max-width: 1024px) 100vw, 1024px\" \/><figcaption class=\"wp-element-caption\"><a href=\"https:\/\/www.minipferd.de\/?page_id=2815\" data-type=\"page\" data-id=\"2815\"><mark style=\"background-color:rgba(0, 0, 0, 0)\" class=\"has-inline-color has-yellow-color\">Marielunds Prime Idolize Me<\/mark><\/a><\/figcaption><\/figure>\n\n\n\n<figure class=\"wp-block-image size-large\"><img loading=\"lazy\" decoding=\"async\" width=\"1024\" height=\"683\" src=\"http:\/\/www.minipferd.de\/wp-content\/uploads\/2025\/05\/IMG_1942-1-1024x683.jpeg\" alt=\"\" class=\"wp-image-2850\" srcset=\"https:\/\/www.minipferd.de\/wp-content\/uploads\/2025\/05\/IMG_1942-1-1024x683.jpeg 1024w, https:\/\/www.minipferd.de\/wp-content\/uploads\/2025\/05\/IMG_1942-1-300x200.jpeg 300w, https:\/\/www.minipferd.de\/wp-content\/uploads\/2025\/05\/IMG_1942-1-768x512.jpeg 768w, https:\/\/www.minipferd.de\/wp-content\/uploads\/2025\/05\/IMG_1942-1.jpeg 1280w\" sizes=\"(max-width: 1024px) 100vw, 1024px\" \/><figcaption class=\"wp-element-caption\"><a href=\"https:\/\/www.minipferd.de\/?page_id=2801\" data-type=\"link\" data-id=\"https:\/\/www.minipferd.de\/?page_id=2801\"><mark style=\"background-color:rgba(0, 0, 0, 0)\" class=\"has-inline-color has-yellow-color\">JS Royal Amazing Grace<\/mark><\/a><\/figcaption><\/figure>\n\n\n\n<figure class=\"wp-block-image size-large\"><img loading=\"lazy\" decoding=\"async\" width=\"1024\" height=\"866\" src=\"http:\/\/www.minipferd.de\/wp-content\/uploads\/2025\/09\/MG_2121--1024x866.jpg\" alt=\"\" class=\"wp-image-2874\" srcset=\"https:\/\/www.minipferd.de\/wp-content\/uploads\/2025\/09\/MG_2121--1024x866.jpg 1024w, https:\/\/www.minipferd.de\/wp-content\/uploads\/2025\/09\/MG_2121--300x254.jpg 300w, https:\/\/www.minipferd.de\/wp-content\/uploads\/2025\/09\/MG_2121--768x650.jpg 768w, https:\/\/www.minipferd.de\/wp-content\/uploads\/2025\/09\/MG_2121--1536x1300.jpg 1536w, https:\/\/www.minipferd.de\/wp-content\/uploads\/2025\/09\/MG_2121--2048x1733.jpg 2048w, https:\/\/www.minipferd.de\/wp-content\/uploads\/2025\/09\/MG_2121--1320x1117.jpg 1320w\" sizes=\"(max-width: 1024px) 100vw, 1024px\" \/><figcaption class=\"wp-element-caption\">JS Royal Sweet Surprise<\/figcaption><\/figure>\n\n\n\n<h2 class=\"wp-block-heading\">REFERENCE MARES:<\/h2>\n\n\n<div class=\"wp-block-image\">\n<figure class=\"aligncenter size-large is-resized\"><img loading=\"lazy\" decoding=\"async\" width=\"1024\" height=\"683\" src=\"http:\/\/www.minipferd.de\/wp-content\/uploads\/2024\/05\/IMG_1354-1024x683.jpg\" alt=\"\" class=\"wp-image-2048\" style=\"aspect-ratio:1.3333333333333333;object-fit:cover;width:690px;height:auto\" srcset=\"https:\/\/www.minipferd.de\/wp-content\/uploads\/2024\/05\/IMG_1354-1024x683.jpg 1024w, https:\/\/www.minipferd.de\/wp-content\/uploads\/2024\/05\/IMG_1354-300x200.jpg 300w, https:\/\/www.minipferd.de\/wp-content\/uploads\/2024\/05\/IMG_1354-768x512.jpg 768w, https:\/\/www.minipferd.de\/wp-content\/uploads\/2024\/05\/IMG_1354-1536x1024.jpg 1536w, https:\/\/www.minipferd.de\/wp-content\/uploads\/2024\/05\/IMG_1354-1320x880.jpg 1320w, https:\/\/www.minipferd.de\/wp-content\/uploads\/2024\/05\/IMG_1354.jpg 1920w\" sizes=\"(max-width: 1024px) 100vw, 1024px\" \/><figcaption class=\"wp-element-caption\"><a href=\"http:\/\/www.minipferd.de\/?page_id=683\" data-type=\"page\" data-id=\"683\"><span class=\"has-inline-color has-yellow-color\">Navajos Black Beauty<\/span><\/a><\/figcaption><\/figure><\/div>\n\n\n<figure class=\"wp-block-image size-large\"><img loading=\"lazy\" decoding=\"async\" width=\"1024\" height=\"992\" src=\"http:\/\/www.minipferd.de\/wp-content\/uploads\/2022\/09\/IMG_2307-2-1024x992.jpg\" alt=\"\" class=\"wp-image-1910\" srcset=\"https:\/\/www.minipferd.de\/wp-content\/uploads\/2022\/09\/IMG_2307-2-1024x992.jpg 1024w, https:\/\/www.minipferd.de\/wp-content\/uploads\/2022\/09\/IMG_2307-2-300x291.jpg 300w, https:\/\/www.minipferd.de\/wp-content\/uploads\/2022\/09\/IMG_2307-2-768x744.jpg 768w, https:\/\/www.minipferd.de\/wp-content\/uploads\/2022\/09\/IMG_2307-2.jpg 1267w\" sizes=\"(max-width: 1024px) 100vw, 1024px\" \/><figcaption class=\"wp-element-caption\"><a href=\"https:\/\/www.minipferd.de\/?page_id=1905\" data-type=\"page\" data-id=\"1905\">FLCREEK Touch of an Angel on Fire<\/a><\/figcaption><\/figure>\n\n\n\n<p><\/p>\n","protected":false},"excerpt":{"rendered":"<p>Unsere Stuten sind das Fundament unseres Zuchtprogramms, denn wir sind \u00fcberzeugt, dass nur qualit\u00e4tvolle Stuten Top-Fohlen bringen. Neben der Korrektheit des K\u00f6rperbaus, der tollen Abstammung und dem Gangwerk z\u00e4hlt f\u00fcr uns dabei auch ein lieber Charakter.\u00a0 \u00a0Sie finden unter unseren Stuten eine bunte Vielfalt unterschiedlicher Blutlinien, Farben und Typen &#8211; und jede f\u00fcr sich ist &hellip; <a href=\"https:\/\/www.minipferd.de\/?page_id=249\" class=\"more-link\"><span class=\"screen-reader-text\">Unsere Stuten<\/span> weiterlesen<\/a><\/p>\n","protected":false},"author":1,"featured_media":0,"parent":0,"menu_order":0,"comment_status":"closed","ping_status":"closed","template":"","meta":{"footnotes":""},"class_list":["post-249","page","type-page","status-publish","hentry"],"_links":{"self":[{"href":"https:\/\/www.minipferd.de\/index.php?rest_route=\/wp\/v2\/pages\/249"}],"collection":[{"href":"https:\/\/www.minipferd.de\/index.php?rest_route=\/wp\/v2\/pages"}],"about":[{"href":"https:\/\/www.minipferd.de\/index.php?rest_route=\/wp\/v2\/types\/page"}],"author":[{"embeddable":true,"href":"https:\/\/www.minipferd.de\/index.php?rest_route=\/wp\/v2\/users\/1"}],"replies":[{"embeddable":true,"href":"https:\/\/www.minipferd.de\/index.php?rest_route=%2Fwp%2Fv2%2Fcomments&post=249"}],"version-history":[{"count":196,"href":"https:\/\/www.minipferd.de\/index.php?rest_route=\/wp\/v2\/pages\/249\/revisions"}],"predecessor-version":[{"id":2968,"href":"https:\/\/www.minipferd.de\/index.php?rest_route=\/wp\/v2\/pages\/249\/revisions\/2968"}],"wp:attachment":[{"href":"https:\/\/www.minipferd.de\/index.php?rest_route=%2Fwp%2Fv2%2Fmedia&parent=249"}],"curies":[{"name":"wp","href":"https:\/\/api.w.org\/{rel}","templated":true}]}}