{"id":1605,"date":"2022-01-21T11:00:48","date_gmt":"2022-01-21T10:00:48","guid":{"rendered":"http:\/\/www.minipferd.de\/?page_id=1605"},"modified":"2025-09-10T12:46:13","modified_gmt":"2025-09-10T10:46:13","slug":"ebf-johns-pandora","status":"publish","type":"page","link":"http:\/\/www.minipferd.de\/?page_id=1605","title":{"rendered":"EBF Johns Pandora"},"content":{"rendered":"\n<div class=\"wp-block-group mobile-flex-reverse is-nowrap is-layout-flex wp-container-core-group-is-layout-3 wp-block-group-is-layout-flex\">\n<div class=\"wp-block-group wp-container-content-1\"><div class=\"wp-block-group__inner-container is-layout-constrained wp-block-group-is-layout-constrained\">\n<p class=\"has-yellow-color has-text-color has-link-color wp-elements-9c472cacf20581a20bfd79e60aecd826\">Spitzname: Pandora<br>Geboren: 03.11.2011<br>Gr\u00f6\u00dfe: 82 cm<br>Farbe: Fuchs<\/p>\n<\/div><\/div>\n\n\n\n<div class=\"wp-block-group wp-container-content-2\"><div class=\"wp-block-group__inner-container is-layout-constrained wp-block-group-is-layout-constrained\">\n<figure class=\"wp-block-image size-large is-style-default\"><img loading=\"lazy\" decoding=\"async\" width=\"1024\" height=\"679\" src=\"http:\/\/www.minipferd.de\/wp-content\/uploads\/2022\/01\/Pandora-1024x679.jpg\" alt=\"\" class=\"wp-image-1607\" style=\"object-fit:cover\" srcset=\"http:\/\/www.minipferd.de\/wp-content\/uploads\/2022\/01\/Pandora-1024x679.jpg 1024w, http:\/\/www.minipferd.de\/wp-content\/uploads\/2022\/01\/Pandora-350x232.jpg 350w, http:\/\/www.minipferd.de\/wp-content\/uploads\/2022\/01\/Pandora-300x199.jpg 300w, http:\/\/www.minipferd.de\/wp-content\/uploads\/2022\/01\/Pandora-768x510.jpg 768w, http:\/\/www.minipferd.de\/wp-content\/uploads\/2022\/01\/Pandora.jpg 1284w\" sizes=\"(max-width: 1024px) 100vw, 1024px\" \/><\/figure>\n<\/div><\/div>\n<\/div>\n\n\n\n<p class=\"has-yellow-color has-text-color has-link-color wp-elements-6f73aa3796f3ab0eb5c9229596a5d3b5\">Pandora ist perfekt proportioniert, besticht durch einen wundersch\u00f6nen Kopf, einen kurzen R\u00fccken und lange elegante Beine. Ein richtiges Miniaturpferd. Wir sind sehr stolz diese Traumstute in unserer Zucht zu haben. Ihre Nachzuchten waren bereits mehr als erfolgreich und konnten sich zahlreiche GRAND &amp; SUPREME CHAMPION Titel sichern. Ihr Vater &#8222;John&#8220; war 2007 das erfolgreichste Minipferd in ganz EUROPA! Auch Pandora selbst konnte sich auf allen Shows die sie besuchte TOP TITEL sichern.<br><br><strong>Showerfolge:<\/strong><br>&#8211; Multiple Supreme Champion Mare Open<br>-Multiple Supreme Champion Mare Amateur<br>&#8211; AMHA Honor Roll Top Ten 2021 Open ( 4th)<br>&#8211; AMHA Honor Roll Top Ten 2021 Amateur (2th) Yearling Filly<br><br>Ihre Nachkommen beweisen sich nun als genauso wertvolle Showpferde. Pandora setzt mit ihren Nachkommen Ma\u00dfst\u00e4be.&nbsp;&nbsp;Pandoras Hengstfohlen aus 2024 wurde bestes Miniaturpferde Fohlen auf der internationalen Ponyshow!<\/p>\n\n\n\n<figure class=\"wp-block-image size-full\"><img loading=\"lazy\" decoding=\"async\" width=\"640\" height=\"427\" src=\"http:\/\/www.minipferd.de\/wp-content\/uploads\/2024\/09\/IMG_8266.jpg\" alt=\"\" class=\"wp-image-2785\" srcset=\"http:\/\/www.minipferd.de\/wp-content\/uploads\/2024\/09\/IMG_8266.jpg 640w, http:\/\/www.minipferd.de\/wp-content\/uploads\/2024\/09\/IMG_8266-300x200.jpg 300w\" sizes=\"(max-width: 640px) 100vw, 640px\" \/><\/figure>\n\n\n\n<figure class=\"wp-block-gallery has-nested-images columns-2 is-cropped wp-block-gallery-1 is-layout-flex wp-block-gallery-is-layout-flex\">\n<figure class=\"wp-block-image size-large\"><img loading=\"lazy\" decoding=\"async\" width=\"1024\" height=\"683\" data-id=\"2389\" src=\"https:\/\/www.minipferd.de\/wp-content\/uploads\/2024\/07\/image0-1-1024x683.jpg\" alt=\"\" class=\"wp-image-2389\" srcset=\"http:\/\/www.minipferd.de\/wp-content\/uploads\/2024\/07\/image0-1-1024x683.jpg 1024w, http:\/\/www.minipferd.de\/wp-content\/uploads\/2024\/07\/image0-1-300x200.jpg 300w, http:\/\/www.minipferd.de\/wp-content\/uploads\/2024\/07\/image0-1-768x512.jpg 768w, http:\/\/www.minipferd.de\/wp-content\/uploads\/2024\/07\/image0-1-1536x1025.jpg 1536w, http:\/\/www.minipferd.de\/wp-content\/uploads\/2024\/07\/image0-1-1320x880.jpg 1320w, http:\/\/www.minipferd.de\/wp-content\/uploads\/2024\/07\/image0-1.jpg 2000w\" sizes=\"(max-width: 1024px) 100vw, 1024px\" \/><\/figure>\n\n\n\n<figure class=\"wp-block-image size-large\"><img loading=\"lazy\" decoding=\"async\" width=\"1024\" height=\"682\" data-id=\"2390\" src=\"https:\/\/www.minipferd.de\/wp-content\/uploads\/2024\/07\/image1-1-1024x682.jpg\" alt=\"\" class=\"wp-image-2390\" srcset=\"http:\/\/www.minipferd.de\/wp-content\/uploads\/2024\/07\/image1-1-1024x682.jpg 1024w, http:\/\/www.minipferd.de\/wp-content\/uploads\/2024\/07\/image1-1-300x200.jpg 300w, http:\/\/www.minipferd.de\/wp-content\/uploads\/2024\/07\/image1-1-768x512.jpg 768w, http:\/\/www.minipferd.de\/wp-content\/uploads\/2024\/07\/image1-1-1536x1024.jpg 1536w, http:\/\/www.minipferd.de\/wp-content\/uploads\/2024\/07\/image1-1-1320x880.jpg 1320w, http:\/\/www.minipferd.de\/wp-content\/uploads\/2024\/07\/image1-1.jpg 2000w\" sizes=\"(max-width: 1024px) 100vw, 1024px\" \/><\/figure>\n\n\n\n<figure class=\"wp-block-image size-large\"><img loading=\"lazy\" decoding=\"async\" width=\"1024\" height=\"683\" data-id=\"2388\" src=\"https:\/\/www.minipferd.de\/wp-content\/uploads\/2024\/07\/image3-1-1024x683.jpg\" alt=\"\" class=\"wp-image-2388\" srcset=\"http:\/\/www.minipferd.de\/wp-content\/uploads\/2024\/07\/image3-1-1024x683.jpg 1024w, http:\/\/www.minipferd.de\/wp-content\/uploads\/2024\/07\/image3-1-300x200.jpg 300w, http:\/\/www.minipferd.de\/wp-content\/uploads\/2024\/07\/image3-1-768x512.jpg 768w, http:\/\/www.minipferd.de\/wp-content\/uploads\/2024\/07\/image3-1-1536x1025.jpg 1536w, http:\/\/www.minipferd.de\/wp-content\/uploads\/2024\/07\/image3-1-1320x880.jpg 1320w, http:\/\/www.minipferd.de\/wp-content\/uploads\/2024\/07\/image3-1.jpg 2000w\" sizes=\"(max-width: 1024px) 100vw, 1024px\" \/><\/figure>\n<\/figure>\n\n\n\n<figure class=\"wp-block-gallery has-nested-images columns-0 is-cropped wp-block-gallery-2 is-layout-flex wp-block-gallery-is-layout-flex\">\n<figure class=\"wp-block-image size-large\"><img loading=\"lazy\" decoding=\"async\" width=\"929\" height=\"625\" data-id=\"1624\" src=\"http:\/\/www.minipferd.de\/wp-content\/uploads\/2022\/01\/IMG_1543.jpg\" alt=\"\" class=\"wp-image-1624\" srcset=\"http:\/\/www.minipferd.de\/wp-content\/uploads\/2022\/01\/IMG_1543.jpg 929w, http:\/\/www.minipferd.de\/wp-content\/uploads\/2022\/01\/IMG_1543-350x235.jpg 350w, http:\/\/www.minipferd.de\/wp-content\/uploads\/2022\/01\/IMG_1543-300x202.jpg 300w, http:\/\/www.minipferd.de\/wp-content\/uploads\/2022\/01\/IMG_1543-768x517.jpg 768w\" sizes=\"(max-width: 929px) 100vw, 929px\" \/><\/figure>\n\n\n\n<figure class=\"wp-block-image size-large\"><img loading=\"lazy\" decoding=\"async\" width=\"1024\" height=\"667\" data-id=\"1622\" src=\"http:\/\/www.minipferd.de\/wp-content\/uploads\/2022\/01\/IMG_1541-1024x667.jpg\" alt=\"\" class=\"wp-image-1622\" srcset=\"http:\/\/www.minipferd.de\/wp-content\/uploads\/2022\/01\/IMG_1541-1024x667.jpg 1024w, http:\/\/www.minipferd.de\/wp-content\/uploads\/2022\/01\/IMG_1541-350x228.jpg 350w, http:\/\/www.minipferd.de\/wp-content\/uploads\/2022\/01\/IMG_1541-300x195.jpg 300w, http:\/\/www.minipferd.de\/wp-content\/uploads\/2022\/01\/IMG_1541-768x500.jpg 768w, http:\/\/www.minipferd.de\/wp-content\/uploads\/2022\/01\/IMG_1541.jpg 1042w\" sizes=\"(max-width: 1024px) 100vw, 1024px\" \/><\/figure>\n\n\n\n<figure class=\"wp-block-image size-large\"><img loading=\"lazy\" decoding=\"async\" width=\"942\" height=\"622\" data-id=\"1617\" src=\"http:\/\/www.minipferd.de\/wp-content\/uploads\/2022\/01\/IMG_1535.jpg\" alt=\"\" class=\"wp-image-1617\" srcset=\"http:\/\/www.minipferd.de\/wp-content\/uploads\/2022\/01\/IMG_1535.jpg 942w, http:\/\/www.minipferd.de\/wp-content\/uploads\/2022\/01\/IMG_1535-350x231.jpg 350w, http:\/\/www.minipferd.de\/wp-content\/uploads\/2022\/01\/IMG_1535-300x198.jpg 300w, http:\/\/www.minipferd.de\/wp-content\/uploads\/2022\/01\/IMG_1535-768x507.jpg 768w\" sizes=\"(max-width: 942px) 100vw, 942px\" \/><\/figure>\n\n\n\n<figure class=\"wp-block-image size-large\"><img loading=\"lazy\" decoding=\"async\" width=\"903\" height=\"742\" data-id=\"1616\" src=\"http:\/\/www.minipferd.de\/wp-content\/uploads\/2022\/01\/IMG_1534.jpg\" alt=\"\" class=\"wp-image-1616\" srcset=\"http:\/\/www.minipferd.de\/wp-content\/uploads\/2022\/01\/IMG_1534.jpg 903w, http:\/\/www.minipferd.de\/wp-content\/uploads\/2022\/01\/IMG_1534-350x288.jpg 350w, http:\/\/www.minipferd.de\/wp-content\/uploads\/2022\/01\/IMG_1534-300x247.jpg 300w, http:\/\/www.minipferd.de\/wp-content\/uploads\/2022\/01\/IMG_1534-768x631.jpg 768w\" sizes=\"(max-width: 903px) 100vw, 903px\" \/><\/figure>\n\n\n\n<figure class=\"wp-block-image size-full\"><img loading=\"lazy\" decoding=\"async\" width=\"946\" height=\"629\" data-id=\"1614\" src=\"https:\/\/www.minipferd.de\/wp-content\/uploads\/2022\/01\/IMG_1531.jpg\" alt=\"\" class=\"wp-image-1614\" srcset=\"http:\/\/www.minipferd.de\/wp-content\/uploads\/2022\/01\/IMG_1531.jpg 946w, http:\/\/www.minipferd.de\/wp-content\/uploads\/2022\/01\/IMG_1531-350x233.jpg 350w, http:\/\/www.minipferd.de\/wp-content\/uploads\/2022\/01\/IMG_1531-300x199.jpg 300w, http:\/\/www.minipferd.de\/wp-content\/uploads\/2022\/01\/IMG_1531-768x511.jpg 768w\" sizes=\"(max-width: 946px) 100vw, 946px\" \/><\/figure>\n<\/figure>\n\n\n\n<div class=\"wp-block-columns is-layout-flex wp-container-core-columns-is-layout-1 wp-block-columns-is-layout-flex\">\n<div class=\"wp-block-column has-yellow-color has-text-color has-link-color wp-elements-1ebb75e7ee5720f166506a3918424865 is-layout-flow wp-block-column-is-layout-flow\">\n<h2 class=\"wp-block-heading\">Vater<\/h2>\n\n\n\n<figure class=\"wp-block-image size-full\"><img loading=\"lazy\" decoding=\"async\" width=\"800\" height=\"534\" src=\"http:\/\/www.minipferd.de\/wp-content\/uploads\/2024\/08\/IMG_6789-1.jpg\" alt=\"\" class=\"wp-image-2635\" style=\"aspect-ratio:4\/3;object-fit:cover\" srcset=\"http:\/\/www.minipferd.de\/wp-content\/uploads\/2024\/08\/IMG_6789-1.jpg 800w, http:\/\/www.minipferd.de\/wp-content\/uploads\/2024\/08\/IMG_6789-1-300x200.jpg 300w, http:\/\/www.minipferd.de\/wp-content\/uploads\/2024\/08\/IMG_6789-1-768x513.jpg 768w\" sizes=\"(max-width: 800px) 100vw, 800px\" \/><figcaption class=\"wp-element-caption\"><mark style=\"background-color:rgba(0, 0, 0, 0)\" class=\"has-inline-color has-yellow-color\">Samis VIP Mr John<\/mark><\/figcaption><\/figure>\n<\/div>\n<\/div>\n\n\n\n<h2 class=\"wp-block-heading has-yellow-color has-text-color has-link-color wp-elements-0c034ee003aa4e1e0e3f0b832b76332e\">Fohlen<\/h2>\n\n\n\n<div class=\"wp-block-columns is-layout-flex wp-container-core-columns-is-layout-2 wp-block-columns-is-layout-flex\">\n<div class=\"wp-block-column is-layout-flow wp-block-column-is-layout-flow\">\n<figure class=\"wp-block-image size-full\"><img loading=\"lazy\" decoding=\"async\" width=\"640\" height=\"422\" src=\"http:\/\/www.minipferd.de\/wp-content\/uploads\/2025\/05\/IMG_2821.jpeg\" alt=\"\" class=\"wp-image-2843\" srcset=\"http:\/\/www.minipferd.de\/wp-content\/uploads\/2025\/05\/IMG_2821.jpeg 640w, http:\/\/www.minipferd.de\/wp-content\/uploads\/2025\/05\/IMG_2821-300x198.jpeg 300w\" sizes=\"(max-width: 640px) 100vw, 640px\" \/><figcaption class=\"wp-element-caption\"><mark style=\"background-color:rgba(0, 0, 0, 0)\" class=\"has-inline-color has-yellow-color\"> JS Royal Jokin Jackpot<\/mark><\/figcaption><\/figure>\n<\/div>\n\n\n\n<div class=\"wp-block-column is-layout-flow wp-block-column-is-layout-flow\"><\/div>\n<\/div>\n\n\n\n<div class=\"wp-block-columns is-layout-flex wp-container-core-columns-is-layout-3 wp-block-columns-is-layout-flex\">\n<div class=\"wp-block-column is-layout-flow wp-block-column-is-layout-flow\">\n<figure class=\"wp-block-image size-large\"><img loading=\"lazy\" decoding=\"async\" width=\"1024\" height=\"810\" src=\"http:\/\/www.minipferd.de\/wp-content\/uploads\/2024\/08\/5F3A0326-1024x810.jpg\" alt=\"\" class=\"wp-image-2618\" style=\"aspect-ratio:4\/3;object-fit:cover\" srcset=\"http:\/\/www.minipferd.de\/wp-content\/uploads\/2024\/08\/5F3A0326-1024x810.jpg 1024w, http:\/\/www.minipferd.de\/wp-content\/uploads\/2024\/08\/5F3A0326-300x237.jpg 300w, http:\/\/www.minipferd.de\/wp-content\/uploads\/2024\/08\/5F3A0326-768x607.jpg 768w, http:\/\/www.minipferd.de\/wp-content\/uploads\/2024\/08\/5F3A0326-1536x1214.jpg 1536w, http:\/\/www.minipferd.de\/wp-content\/uploads\/2024\/08\/5F3A0326-1320x1044.jpg 1320w, http:\/\/www.minipferd.de\/wp-content\/uploads\/2024\/08\/5F3A0326.jpg 1863w\" sizes=\"(max-width: 1024px) 100vw, 1024px\" \/><figcaption class=\"wp-element-caption\"><mark style=\"background-color:rgba(0, 0, 0, 0)\" class=\"has-inline-color has-yellow-color\">JS Royal Pandoras Black Edition<\/mark><\/figcaption><\/figure>\n<\/div>\n\n\n\n<div class=\"wp-block-column is-layout-flow wp-block-column-is-layout-flow\">\n<figure class=\"wp-block-image size-full\"><img loading=\"lazy\" decoding=\"async\" width=\"713\" height=\"496\" src=\"http:\/\/www.minipferd.de\/wp-content\/uploads\/2024\/05\/IMG_9752.jpg\" alt=\"\" class=\"wp-image-2054\" style=\"aspect-ratio:4\/3;object-fit:cover\" srcset=\"http:\/\/www.minipferd.de\/wp-content\/uploads\/2024\/05\/IMG_9752.jpg 713w, http:\/\/www.minipferd.de\/wp-content\/uploads\/2024\/05\/IMG_9752-300x209.jpg 300w\" sizes=\"(max-width: 713px) 100vw, 713px\" \/><figcaption class=\"wp-element-caption\"><mark style=\"background-color:rgba(0, 0, 0, 0)\" class=\"has-inline-color has-yellow-color\">JS Royal Pandoras Bambi<\/mark><\/figcaption><\/figure>\n<\/div>\n<\/div>\n\n\n\n<div class=\"wp-block-columns is-layout-flex wp-container-core-columns-is-layout-4 wp-block-columns-is-layout-flex\">\n<div class=\"wp-block-column is-layout-flow wp-block-column-is-layout-flow\">\n<figure class=\"wp-block-image size-full\"><img loading=\"lazy\" decoding=\"async\" width=\"895\" height=\"615\" src=\"http:\/\/www.minipferd.de\/wp-content\/uploads\/2022\/01\/IMG_1547.jpg\" alt=\"\" class=\"wp-image-1625\" style=\"aspect-ratio:4\/3;object-fit:cover\" srcset=\"http:\/\/www.minipferd.de\/wp-content\/uploads\/2022\/01\/IMG_1547.jpg 895w, http:\/\/www.minipferd.de\/wp-content\/uploads\/2022\/01\/IMG_1547-350x241.jpg 350w, http:\/\/www.minipferd.de\/wp-content\/uploads\/2022\/01\/IMG_1547-300x206.jpg 300w, http:\/\/www.minipferd.de\/wp-content\/uploads\/2022\/01\/IMG_1547-768x528.jpg 768w\" sizes=\"(max-width: 895px) 100vw, 895px\" \/><\/figure>\n\n\n\n<figure class=\"wp-block-image size-large\"><img loading=\"lazy\" decoding=\"async\" width=\"1024\" height=\"849\" src=\"http:\/\/www.minipferd.de\/wp-content\/uploads\/2022\/01\/IMG_1539-1024x849.jpg\" alt=\"\" class=\"wp-image-1621\" style=\"aspect-ratio:4\/3;object-fit:cover\" srcset=\"http:\/\/www.minipferd.de\/wp-content\/uploads\/2022\/01\/IMG_1539-1024x849.jpg 1024w, http:\/\/www.minipferd.de\/wp-content\/uploads\/2022\/01\/IMG_1539-350x290.jpg 350w, http:\/\/www.minipferd.de\/wp-content\/uploads\/2022\/01\/IMG_1539-300x249.jpg 300w, http:\/\/www.minipferd.de\/wp-content\/uploads\/2022\/01\/IMG_1539-768x637.jpg 768w, http:\/\/www.minipferd.de\/wp-content\/uploads\/2022\/01\/IMG_1539.jpg 1035w\" sizes=\"(max-width: 1024px) 100vw, 1024px\" \/><\/figure>\n<\/div>\n\n\n\n<div class=\"wp-block-column is-layout-flow wp-block-column-is-layout-flow\">\n<figure class=\"wp-block-image size-full is-resized\"><img loading=\"lazy\" decoding=\"async\" width=\"822\" height=\"575\" src=\"http:\/\/www.minipferd.de\/wp-content\/uploads\/2022\/01\/IMG_1550.jpg\" alt=\"\" class=\"wp-image-1626\" style=\"aspect-ratio:4\/3;object-fit:cover\" srcset=\"http:\/\/www.minipferd.de\/wp-content\/uploads\/2022\/01\/IMG_1550.jpg 822w, http:\/\/www.minipferd.de\/wp-content\/uploads\/2022\/01\/IMG_1550-350x245.jpg 350w, http:\/\/www.minipferd.de\/wp-content\/uploads\/2022\/01\/IMG_1550-300x210.jpg 300w, http:\/\/www.minipferd.de\/wp-content\/uploads\/2022\/01\/IMG_1550-768x537.jpg 768w\" sizes=\"(max-width: 822px) 100vw, 822px\" \/><\/figure>\n<\/div>\n<\/div>\n","protected":false},"excerpt":{"rendered":"<p>Spitzname: PandoraGeboren: 03.11.2011Gr\u00f6\u00dfe: 82 cmFarbe: Fuchs Pandora ist perfekt proportioniert, besticht durch einen wundersch\u00f6nen Kopf, einen kurzen R\u00fccken und lange elegante Beine. Ein richtiges Miniaturpferd. Wir sind sehr stolz diese Traumstute in unserer Zucht zu haben. Ihre Nachzuchten waren bereits mehr als erfolgreich und konnten sich zahlreiche GRAND &amp; SUPREME CHAMPION Titel sichern. Ihr Vater &hellip; <a href=\"http:\/\/www.minipferd.de\/?page_id=1605\" class=\"more-link\"><span class=\"screen-reader-text\">EBF Johns Pandora<\/span> weiterlesen<\/a><\/p>\n","protected":false},"author":1,"featured_media":0,"parent":249,"menu_order":1,"comment_status":"closed","ping_status":"closed","template":"","meta":{"footnotes":""},"class_list":["post-1605","page","type-page","status-publish","hentry"],"_links":{"self":[{"href":"http:\/\/www.minipferd.de\/index.php?rest_route=\/wp\/v2\/pages\/1605"}],"collection":[{"href":"http:\/\/www.minipferd.de\/index.php?rest_route=\/wp\/v2\/pages"}],"about":[{"href":"http:\/\/www.minipferd.de\/index.php?rest_route=\/wp\/v2\/types\/page"}],"author":[{"embeddable":true,"href":"http:\/\/www.minipferd.de\/index.php?rest_route=\/wp\/v2\/users\/1"}],"replies":[{"embeddable":true,"href":"http:\/\/www.minipferd.de\/index.php?rest_route=%2Fwp%2Fv2%2Fcomments&post=1605"}],"version-history":[{"count":27,"href":"http:\/\/www.minipferd.de\/index.php?rest_route=\/wp\/v2\/pages\/1605\/revisions"}],"predecessor-version":[{"id":2946,"href":"http:\/\/www.minipferd.de\/index.php?rest_route=\/wp\/v2\/pages\/1605\/revisions\/2946"}],"up":[{"embeddable":true,"href":"http:\/\/www.minipferd.de\/index.php?rest_route=\/wp\/v2\/pages\/249"}],"wp:attachment":[{"href":"http:\/\/www.minipferd.de\/index.php?rest_route=%2Fwp%2Fv2%2Fmedia&parent=1605"}],"curies":[{"name":"wp","href":"https:\/\/api.w.org\/{rel}","templated":true}]}}