{"id":1225,"date":"2021-05-03T09:18:49","date_gmt":"2021-05-03T07:18:49","guid":{"rendered":"http:\/\/www.minipferd.de\/?page_id=1225"},"modified":"2025-09-10T13:13:25","modified_gmt":"2025-09-10T11:13:25","slug":"tinydots-pianista","status":"publish","type":"page","link":"http:\/\/www.minipferd.de\/?page_id=1225","title":{"rendered":"Pianista"},"content":{"rendered":"\n<div class=\"wp-block-group mobile-flex-reverse is-nowrap is-layout-flex wp-container-core-group-is-layout-3 wp-block-group-is-layout-flex\">\n<div class=\"wp-block-group wp-container-content-1\"><div class=\"wp-block-group__inner-container is-layout-constrained wp-block-group-is-layout-constrained\">\n<p class=\"has-yellow-color has-text-color has-link-color wp-elements-d9caa0009e3a64255c1a3223db1ae8b4\">Spitzname: Pia<br>Geboren: 07.06.2018<br>Gr\u00f6\u00dfe: 77cm<br>Farbe: Brauntiger<br><\/p>\n<\/div><\/div>\n\n\n\n<div class=\"wp-block-group wp-container-content-2\"><div class=\"wp-block-group__inner-container is-layout-constrained wp-block-group-is-layout-constrained\">\n<figure class=\"wp-block-image size-large is-style-default\"><img loading=\"lazy\" decoding=\"async\" width=\"1024\" height=\"683\" src=\"http:\/\/www.minipferd.de\/wp-content\/uploads\/2022\/01\/Pianista2-1024x683.jpg\" alt=\"\" class=\"wp-image-1299\" style=\"object-fit:cover\" srcset=\"http:\/\/www.minipferd.de\/wp-content\/uploads\/2022\/01\/Pianista2-1024x683.jpg 1024w, http:\/\/www.minipferd.de\/wp-content\/uploads\/2022\/01\/Pianista2-350x233.jpg 350w, http:\/\/www.minipferd.de\/wp-content\/uploads\/2022\/01\/Pianista2-300x200.jpg 300w, http:\/\/www.minipferd.de\/wp-content\/uploads\/2022\/01\/Pianista2-768x512.jpg 768w, http:\/\/www.minipferd.de\/wp-content\/uploads\/2022\/01\/Pianista2-1536x1024.jpg 1536w, http:\/\/www.minipferd.de\/wp-content\/uploads\/2022\/01\/Pianista2-2048x1365.jpg 2048w\" sizes=\"(max-width: 1024px) 100vw, 1024px\" \/><\/figure>\n<\/div><\/div>\n<\/div>\n\n\n\n<p class=\"has-yellow-color has-text-color has-link-color wp-elements-0d1a3915fcc5a3ee2561e1c30a6b62cb\">Pia ist eine herausragende Stute mit einem wundersch\u00f6nen Araberk\u00f6pfchen und einem sehr zierlichen K\u00f6rper. Sie ist eine sehr elegante zierliche Stute mit einem extrem sanften Charakter. Wir lieben unsere Pia sehr und freuen uns auf ihre Nachzuchten! In ihrem Pedigree findet man &#8222;Piano Man&#8220;, einen der bekanntesten Appihengste weltweit: er wurde 5 facher WORLD CHAMPION in AMERIKA!<br><br><strong>PR\u00c4MIENSTUTE<\/strong><br><br>Gentest Ergebnisse: PATN1\/n + LP\/n<\/p>\n\n\n\n<figure class=\"wp-block-gallery has-nested-images columns-2 is-cropped wp-block-gallery-1 is-layout-flex wp-block-gallery-is-layout-flex\">\n<figure class=\"wp-block-image size-full\"><img loading=\"lazy\" decoding=\"async\" width=\"2560\" height=\"1707\" data-id=\"1370\" src=\"http:\/\/www.minipferd.de\/wp-content\/uploads\/2022\/01\/MO1A7157-scaled.jpg\" alt=\"\" class=\"wp-image-1370\" srcset=\"http:\/\/www.minipferd.de\/wp-content\/uploads\/2022\/01\/MO1A7157-scaled.jpg 2560w, http:\/\/www.minipferd.de\/wp-content\/uploads\/2022\/01\/MO1A7157-scaled-350x233.jpg 350w, http:\/\/www.minipferd.de\/wp-content\/uploads\/2022\/01\/MO1A7157-300x200.jpg 300w, http:\/\/www.minipferd.de\/wp-content\/uploads\/2022\/01\/MO1A7157-1024x683.jpg 1024w, http:\/\/www.minipferd.de\/wp-content\/uploads\/2022\/01\/MO1A7157-768x512.jpg 768w, http:\/\/www.minipferd.de\/wp-content\/uploads\/2022\/01\/MO1A7157-1536x1024.jpg 1536w, http:\/\/www.minipferd.de\/wp-content\/uploads\/2022\/01\/MO1A7157-2048x1365.jpg 2048w\" sizes=\"(max-width: 2560px) 100vw, 2560px\" \/><\/figure>\n\n\n\n<figure class=\"wp-block-image size-full\"><img loading=\"lazy\" decoding=\"async\" width=\"2000\" height=\"1333\" data-id=\"1364\" src=\"http:\/\/www.minipferd.de\/wp-content\/uploads\/2022\/01\/7131_Pianista.jpg\" alt=\"\" class=\"wp-image-1364\" srcset=\"http:\/\/www.minipferd.de\/wp-content\/uploads\/2022\/01\/7131_Pianista.jpg 2000w, http:\/\/www.minipferd.de\/wp-content\/uploads\/2022\/01\/7131_Pianista-350x233.jpg 350w, http:\/\/www.minipferd.de\/wp-content\/uploads\/2022\/01\/7131_Pianista-300x200.jpg 300w, http:\/\/www.minipferd.de\/wp-content\/uploads\/2022\/01\/7131_Pianista-1024x682.jpg 1024w, http:\/\/www.minipferd.de\/wp-content\/uploads\/2022\/01\/7131_Pianista-768x512.jpg 768w, http:\/\/www.minipferd.de\/wp-content\/uploads\/2022\/01\/7131_Pianista-1536x1024.jpg 1536w\" sizes=\"(max-width: 2000px) 100vw, 2000px\" \/><\/figure>\n\n\n\n<figure class=\"wp-block-image size-full\"><img loading=\"lazy\" decoding=\"async\" width=\"2000\" height=\"1333\" data-id=\"1298\" src=\"http:\/\/www.minipferd.de\/wp-content\/uploads\/2022\/01\/Pianista1.jpg\" alt=\"\" class=\"wp-image-1298\" srcset=\"http:\/\/www.minipferd.de\/wp-content\/uploads\/2022\/01\/Pianista1.jpg 2000w, http:\/\/www.minipferd.de\/wp-content\/uploads\/2022\/01\/Pianista1-350x233.jpg 350w, http:\/\/www.minipferd.de\/wp-content\/uploads\/2022\/01\/Pianista1-300x200.jpg 300w, http:\/\/www.minipferd.de\/wp-content\/uploads\/2022\/01\/Pianista1-1024x682.jpg 1024w, http:\/\/www.minipferd.de\/wp-content\/uploads\/2022\/01\/Pianista1-768x512.jpg 768w, http:\/\/www.minipferd.de\/wp-content\/uploads\/2022\/01\/Pianista1-1536x1024.jpg 1536w\" sizes=\"(max-width: 2000px) 100vw, 2000px\" \/><\/figure>\n\n\n\n<figure class=\"wp-block-image size-full\"><img loading=\"lazy\" decoding=\"async\" width=\"1334\" height=\"2000\" data-id=\"1300\" src=\"http:\/\/www.minipferd.de\/wp-content\/uploads\/2022\/01\/Pianista3.jpg\" alt=\"\" class=\"wp-image-1300\" srcset=\"http:\/\/www.minipferd.de\/wp-content\/uploads\/2022\/01\/Pianista3.jpg 1334w, http:\/\/www.minipferd.de\/wp-content\/uploads\/2022\/01\/Pianista3-350x525.jpg 350w, http:\/\/www.minipferd.de\/wp-content\/uploads\/2022\/01\/Pianista3-200x300.jpg 200w, http:\/\/www.minipferd.de\/wp-content\/uploads\/2022\/01\/Pianista3-683x1024.jpg 683w, http:\/\/www.minipferd.de\/wp-content\/uploads\/2022\/01\/Pianista3-768x1151.jpg 768w, http:\/\/www.minipferd.de\/wp-content\/uploads\/2022\/01\/Pianista3-1025x1536.jpg 1025w\" sizes=\"(max-width: 1334px) 100vw, 1334px\" \/><\/figure>\n<\/figure>\n\n\n\n<div class=\"wp-block-columns is-layout-flex wp-container-core-columns-is-layout-1 wp-block-columns-is-layout-flex\">\n<div class=\"wp-block-column has-yellow-color has-text-color has-link-color wp-elements-211cb5846cc65c3f6337eeb0686d5f66 is-layout-flow wp-block-column-is-layout-flow\">\n<h2 class=\"wp-block-heading\">Mutter<\/h2>\n\n\n\n<figure class=\"wp-block-image size-large\"><img loading=\"lazy\" decoding=\"async\" width=\"1024\" height=\"683\" src=\"http:\/\/www.minipferd.de\/wp-content\/uploads\/2024\/09\/IMG_7669-1024x683.jpg\" alt=\"\" class=\"wp-image-2734\" style=\"aspect-ratio:4\/3;object-fit:cover\" srcset=\"http:\/\/www.minipferd.de\/wp-content\/uploads\/2024\/09\/IMG_7669-1024x683.jpg 1024w, http:\/\/www.minipferd.de\/wp-content\/uploads\/2024\/09\/IMG_7669-300x200.jpg 300w, http:\/\/www.minipferd.de\/wp-content\/uploads\/2024\/09\/IMG_7669-768x512.jpg 768w, http:\/\/www.minipferd.de\/wp-content\/uploads\/2024\/09\/IMG_7669.jpg 1280w\" sizes=\"(max-width: 1024px) 100vw, 1024px\" \/><figcaption class=\"wp-element-caption\"><mark style=\"background-color:rgba(0, 0, 0, 0)\" class=\"has-inline-color has-yellow-color\">Piano Mans Sonata<\/mark><\/figcaption><\/figure>\n<\/div>\n\n\n\n<div class=\"wp-block-column has-yellow-color has-text-color has-link-color wp-elements-4f8ee10d27aa59cb8b5f44922b5929f8 is-layout-flow wp-block-column-is-layout-flow\">\n<h2 class=\"wp-block-heading\">OPA:<\/h2>\n\n\n\n<figure class=\"wp-block-image size-full\"><img loading=\"lazy\" decoding=\"async\" width=\"506\" height=\"405\" src=\"http:\/\/www.minipferd.de\/wp-content\/uploads\/2024\/08\/IMG_6785.jpg\" alt=\"\" class=\"wp-image-2627\" style=\"aspect-ratio:4\/3;object-fit:cover\" srcset=\"http:\/\/www.minipferd.de\/wp-content\/uploads\/2024\/08\/IMG_6785.jpg 506w, http:\/\/www.minipferd.de\/wp-content\/uploads\/2024\/08\/IMG_6785-300x240.jpg 300w\" sizes=\"(max-width: 506px) 100vw, 506px\" \/><figcaption class=\"wp-element-caption\"><mark style=\"background-color:rgba(0, 0, 0, 0)\" class=\"has-inline-color has-yellow-color\">Alliance Piano Man<\/mark><\/figcaption><\/figure>\n<\/div>\n<\/div>\n\n\n\n<h2 class=\"wp-block-heading has-yellow-color has-text-color has-link-color wp-elements-c4effc7528af15a65b6979e02dc2709a\">Fohlen:<\/h2>\n\n\n\n<div class=\"wp-block-columns is-layout-flex wp-container-core-columns-is-layout-2 wp-block-columns-is-layout-flex\">\n<div class=\"wp-block-column is-layout-flow wp-block-column-is-layout-flow\">\n<figure class=\"wp-block-image size-large\"><img loading=\"lazy\" decoding=\"async\" width=\"1024\" height=\"682\" src=\"http:\/\/www.minipferd.de\/wp-content\/uploads\/2024\/07\/image1-3-1024x682.jpg\" alt=\"\" class=\"wp-image-2411\" srcset=\"http:\/\/www.minipferd.de\/wp-content\/uploads\/2024\/07\/image1-3-1024x682.jpg 1024w, http:\/\/www.minipferd.de\/wp-content\/uploads\/2024\/07\/image1-3-300x200.jpg 300w, http:\/\/www.minipferd.de\/wp-content\/uploads\/2024\/07\/image1-3-768x512.jpg 768w, http:\/\/www.minipferd.de\/wp-content\/uploads\/2024\/07\/image1-3-1536x1024.jpg 1536w, http:\/\/www.minipferd.de\/wp-content\/uploads\/2024\/07\/image1-3-1320x880.jpg 1320w, http:\/\/www.minipferd.de\/wp-content\/uploads\/2024\/07\/image1-3.jpg 2000w\" sizes=\"(max-width: 1024px) 100vw, 1024px\" \/><figcaption class=\"wp-element-caption\"><mark style=\"background-color:rgba(0, 0, 0, 0)\" class=\"has-inline-color has-yellow-color\">JS Royal Pias Peanut<\/mark><\/figcaption><\/figure>\n<\/div>\n\n\n\n<div class=\"wp-block-column is-layout-flow wp-block-column-is-layout-flow\"><\/div>\n<\/div>\n\n\n\n<div class=\"wp-block-columns is-layout-flex wp-container-core-columns-is-layout-3 wp-block-columns-is-layout-flex\">\n<div class=\"wp-block-column is-layout-flow wp-block-column-is-layout-flow\">\n<figure class=\"wp-block-image size-large\"><img loading=\"lazy\" decoding=\"async\" width=\"1024\" height=\"683\" src=\"http:\/\/www.minipferd.de\/wp-content\/uploads\/2024\/07\/image4-2-1024x683.jpg\" alt=\"\" class=\"wp-image-2412\" style=\"aspect-ratio:4\/3;object-fit:cover\" srcset=\"http:\/\/www.minipferd.de\/wp-content\/uploads\/2024\/07\/image4-2-1024x683.jpg 1024w, http:\/\/www.minipferd.de\/wp-content\/uploads\/2024\/07\/image4-2-300x200.jpg 300w, http:\/\/www.minipferd.de\/wp-content\/uploads\/2024\/07\/image4-2-768x512.jpg 768w, http:\/\/www.minipferd.de\/wp-content\/uploads\/2024\/07\/image4-2-1536x1025.jpg 1536w, http:\/\/www.minipferd.de\/wp-content\/uploads\/2024\/07\/image4-2-1320x880.jpg 1320w, http:\/\/www.minipferd.de\/wp-content\/uploads\/2024\/07\/image4-2.jpg 2000w\" sizes=\"(max-width: 1024px) 100vw, 1024px\" \/><figcaption class=\"wp-element-caption\"><mark style=\"background-color:rgba(0, 0, 0, 0)\" class=\"has-inline-color has-yellow-color\">JS Royal Little Toffiffee<\/mark><\/figcaption><\/figure>\n<\/div>\n\n\n\n<div class=\"wp-block-column is-layout-flow wp-block-column-is-layout-flow\">\n<figure class=\"wp-block-image size-large\"><img loading=\"lazy\" decoding=\"async\" width=\"1024\" height=\"683\" src=\"http:\/\/www.minipferd.de\/wp-content\/uploads\/2023\/08\/IMG_7657-1024x683.jpg\" alt=\"\" class=\"wp-image-1961\" style=\"aspect-ratio:4\/3;object-fit:cover\" srcset=\"http:\/\/www.minipferd.de\/wp-content\/uploads\/2023\/08\/IMG_7657-1024x683.jpg 1024w, http:\/\/www.minipferd.de\/wp-content\/uploads\/2023\/08\/IMG_7657-300x200.jpg 300w, http:\/\/www.minipferd.de\/wp-content\/uploads\/2023\/08\/IMG_7657-768x512.jpg 768w, http:\/\/www.minipferd.de\/wp-content\/uploads\/2023\/08\/IMG_7657-1536x1024.jpg 1536w, http:\/\/www.minipferd.de\/wp-content\/uploads\/2023\/08\/IMG_7657-2048x1365.jpg 2048w, http:\/\/www.minipferd.de\/wp-content\/uploads\/2023\/08\/IMG_7657-1320x880.jpg 1320w\" sizes=\"(max-width: 1024px) 100vw, 1024px\" \/><figcaption class=\"wp-element-caption\"><mark style=\"background-color:rgba(0, 0, 0, 0)\" class=\"has-inline-color has-yellow-color\">JS Royal Confetti<\/mark><\/figcaption><\/figure>\n<\/div>\n<\/div>\n\n\n\n<p><\/p>\n","protected":false},"excerpt":{"rendered":"<p>Spitzname: PiaGeboren: 07.06.2018Gr\u00f6\u00dfe: 77cmFarbe: Brauntiger Pia ist eine herausragende Stute mit einem wundersch\u00f6nen Araberk\u00f6pfchen und einem sehr zierlichen K\u00f6rper. Sie ist eine sehr elegante zierliche Stute mit einem extrem sanften Charakter. Wir lieben unsere Pia sehr und freuen uns auf ihre Nachzuchten! In ihrem Pedigree findet man &#8222;Piano Man&#8220;, einen der bekanntesten Appihengste weltweit: er &hellip; <a href=\"http:\/\/www.minipferd.de\/?page_id=1225\" class=\"more-link\"><span class=\"screen-reader-text\">Pianista<\/span> weiterlesen<\/a><\/p>\n","protected":false},"author":1,"featured_media":0,"parent":249,"menu_order":10,"comment_status":"closed","ping_status":"closed","template":"","meta":{"footnotes":""},"class_list":["post-1225","page","type-page","status-publish","hentry"],"_links":{"self":[{"href":"http:\/\/www.minipferd.de\/index.php?rest_route=\/wp\/v2\/pages\/1225"}],"collection":[{"href":"http:\/\/www.minipferd.de\/index.php?rest_route=\/wp\/v2\/pages"}],"about":[{"href":"http:\/\/www.minipferd.de\/index.php?rest_route=\/wp\/v2\/types\/page"}],"author":[{"embeddable":true,"href":"http:\/\/www.minipferd.de\/index.php?rest_route=\/wp\/v2\/users\/1"}],"replies":[{"embeddable":true,"href":"http:\/\/www.minipferd.de\/index.php?rest_route=%2Fwp%2Fv2%2Fcomments&post=1225"}],"version-history":[{"count":30,"href":"http:\/\/www.minipferd.de\/index.php?rest_route=\/wp\/v2\/pages\/1225\/revisions"}],"predecessor-version":[{"id":2970,"href":"http:\/\/www.minipferd.de\/index.php?rest_route=\/wp\/v2\/pages\/1225\/revisions\/2970"}],"up":[{"embeddable":true,"href":"http:\/\/www.minipferd.de\/index.php?rest_route=\/wp\/v2\/pages\/249"}],"wp:attachment":[{"href":"http:\/\/www.minipferd.de\/index.php?rest_route=%2Fwp%2Fv2%2Fmedia&parent=1225"}],"curies":[{"name":"wp","href":"https:\/\/api.w.org\/{rel}","templated":true}]}}